{"id":584,"date":"2023-10-18T15:43:21","date_gmt":"2023-10-18T13:43:21","guid":{"rendered":"https:\/\/bo-avallon.com\/?page_id=584"},"modified":"2025-09-27T12:07:00","modified_gmt":"2025-09-27T10:07:00","slug":"remi-marceau","status":"publish","type":"page","link":"https:\/\/bo-avallon.com\/index.php\/remi-marceau\/","title":{"rendered":"R\u00e9mi Marceau"},"content":{"rendered":"\t\t<div data-elementor-type=\"wp-page\" data-elementor-id=\"584\" class=\"elementor elementor-584\">\n\t\t\t\t\t\t<section class=\"elementor-section elementor-top-section elementor-element elementor-element-759a76d elementor-section-boxed elementor-section-height-default elementor-section-height-default\" data-id=\"759a76d\" data-element_type=\"section\">\n\t\t\t\t\t\t<div class=\"elementor-container elementor-column-gap-default\">\n\t\t\t\t\t<div class=\"elementor-column elementor-col-100 elementor-top-column elementor-element elementor-element-453c048\" data-id=\"453c048\" data-element_type=\"column\">\n\t\t\t<div class=\"elementor-widget-wrap elementor-element-populated\">\n\t\t\t\t\t\t<div class=\"elementor-element elementor-element-1581ad6 elementor-widget elementor-widget-spacer\" data-id=\"1581ad6\" data-element_type=\"widget\" data-widget_type=\"spacer.default\">\n\t\t\t\t<div class=\"elementor-widget-container\">\n\t\t\t\t\t\t\t<div class=\"elementor-spacer\">\n\t\t\t<div class=\"elementor-spacer-inner\"><\/div>\n\t\t<\/div>\n\t\t\t\t\t\t<\/div>\n\t\t\t\t<\/div>\n\t\t\t\t\t<\/div>\n\t\t<\/div>\n\t\t\t\t\t<\/div>\n\t\t<\/section>\n\t\t\t\t<section class=\"elementor-section elementor-top-section elementor-element elementor-element-978bcc3 elementor-section-boxed elementor-section-height-default elementor-section-height-default\" data-id=\"978bcc3\" data-element_type=\"section\">\n\t\t\t\t\t\t<div class=\"elementor-container elementor-column-gap-default\">\n\t\t\t\t\t<div class=\"elementor-column elementor-col-50 elementor-top-column elementor-element elementor-element-9d3aaaa\" data-id=\"9d3aaaa\" data-element_type=\"column\">\n\t\t\t<div class=\"elementor-widget-wrap elementor-element-populated\">\n\t\t\t\t\t\t<div class=\"elementor-element elementor-element-858fe6a elementor-widget elementor-widget-text-editor\" data-id=\"858fe6a\" data-element_type=\"widget\" data-widget_type=\"text-editor.default\">\n\t\t\t\t<div class=\"elementor-widget-container\">\n\t\t\t\t\t\t\t\t\t<p style=\"padding-left: 40px;\"><strong>R\u00c9MI MARCEAU<br \/><\/strong>Tourneur Sculpteur Bois<\/p>\t\t\t\t\t\t\t\t<\/div>\n\t\t\t\t<\/div>\n\t\t\t\t<div class=\"elementor-element elementor-element-330bca1 elementor-widget elementor-widget-text-editor\" data-id=\"330bca1\" data-element_type=\"widget\" data-widget_type=\"text-editor.default\">\n\t\t\t\t<div class=\"elementor-widget-container\">\n\t\t\t\t\t\t\t\t\t<p class=\"p1\">En activit\u00e9 depuis 2004, j\u2019appr\u00e9cie tout particuli\u00e8rement d\u00e9tourner la mati\u00e8re, jouer sur les textures, les tensions la r\u00e9sistance du bois.<br \/>Le respect du geste traditionnel va de paire avec la recherche de nouvelles m\u00e9thodes de r\u00e9alisation. Une route sans fin sur laquelle j\u2019aime d\u00e9ambuler et me perdre pour mieux me retrouver et partager.<\/p>\t\t\t\t\t\t\t\t<\/div>\n\t\t\t\t<\/div>\n\t\t\t\t<div class=\"elementor-element elementor-element-83d3e2c elementor-widget elementor-widget-image\" data-id=\"83d3e2c\" data-element_type=\"widget\" data-widget_type=\"image.default\">\n\t\t\t\t<div class=\"elementor-widget-container\">\n\t\t\t\t\t\t\t\t\t\t\t\t\t\t\t<img decoding=\"async\" width=\"150\" height=\"150\" src=\"https:\/\/bo-avallon.com\/wp-content\/uploads\/2023\/10\/portrait-remi-marceau-02-150x150.png\" class=\"attachment-thumbnail size-thumbnail wp-image-620\" alt=\"remi marceau tourneur sculpteur sur bois\" srcset=\"https:\/\/bo-avallon.com\/wp-content\/uploads\/2023\/10\/portrait-remi-marceau-02-150x150.png 150w, https:\/\/bo-avallon.com\/wp-content\/uploads\/2023\/10\/portrait-remi-marceau-02-300x300.png 300w, https:\/\/bo-avallon.com\/wp-content\/uploads\/2023\/10\/portrait-remi-marceau-02-768x768.png 768w, https:\/\/bo-avallon.com\/wp-content\/uploads\/2023\/10\/portrait-remi-marceau-02.png 1000w\" sizes=\"(max-width: 150px) 100vw, 150px\" \/>\t\t\t\t\t\t\t\t\t\t\t\t\t\t\t<\/div>\n\t\t\t\t<\/div>\n\t\t\t\t\t<\/div>\n\t\t<\/div>\n\t\t\t\t<div class=\"elementor-column elementor-col-50 elementor-top-column elementor-element elementor-element-f81b78f\" data-id=\"f81b78f\" data-element_type=\"column\">\n\t\t\t<div class=\"elementor-widget-wrap elementor-element-populated\">\n\t\t\t\t\t\t<div class=\"elementor-element elementor-element-0f0b71b elementor-widget elementor-widget-image\" data-id=\"0f0b71b\" data-element_type=\"widget\" data-widget_type=\"image.default\">\n\t\t\t\t<div class=\"elementor-widget-container\">\n\t\t\t\t\t\t\t\t\t\t\t\t\t\t\t<img fetchpriority=\"high\" decoding=\"async\" width=\"1000\" height=\"1000\" src=\"https:\/\/bo-avallon.com\/wp-content\/uploads\/2023\/10\/portrait-remi-marceau-01.png\" class=\"attachment-full size-full wp-image-619\" alt=\"remi marceau tourneur sculpteur sur bois\" srcset=\"https:\/\/bo-avallon.com\/wp-content\/uploads\/2023\/10\/portrait-remi-marceau-01.png 1000w, https:\/\/bo-avallon.com\/wp-content\/uploads\/2023\/10\/portrait-remi-marceau-01-300x300.png 300w, https:\/\/bo-avallon.com\/wp-content\/uploads\/2023\/10\/portrait-remi-marceau-01-150x150.png 150w, https:\/\/bo-avallon.com\/wp-content\/uploads\/2023\/10\/portrait-remi-marceau-01-768x768.png 768w\" sizes=\"(max-width: 1000px) 100vw, 1000px\" \/>\t\t\t\t\t\t\t\t\t\t\t\t\t\t\t<\/div>\n\t\t\t\t<\/div>\n\t\t\t\t<div class=\"elementor-element elementor-element-9a7d84c elementor-widget elementor-widget-spacer\" data-id=\"9a7d84c\" data-element_type=\"widget\" data-widget_type=\"spacer.default\">\n\t\t\t\t<div class=\"elementor-widget-container\">\n\t\t\t\t\t\t\t<div class=\"elementor-spacer\">\n\t\t\t<div class=\"elementor-spacer-inner\"><\/div>\n\t\t<\/div>\n\t\t\t\t\t\t<\/div>\n\t\t\t\t<\/div>\n\t\t\t\t<div class=\"elementor-element elementor-element-ed1ab1d elementor-widget elementor-widget-text-editor\" data-id=\"ed1ab1d\" data-element_type=\"widget\" data-widget_type=\"text-editor.default\">\n\t\t\t\t<div class=\"elementor-widget-container\">\n\t\t\t\t\t\t\t\t\t<p>R\u00e9mi Marceau &#8211; Tourneur Sculpteur Bois<br \/>remimarceau2@outlook.fr<br \/>06 73 50 25 57<br \/>Insta : <a href=\"https:\/\/www.instagram.com\/remimarceau2\/?hl=fr\" target=\"_blank\" rel=\"noopener\">@remimarceau2<\/a><\/p>\t\t\t\t\t\t\t\t<\/div>\n\t\t\t\t<\/div>\n\t\t\t\t\t<\/div>\n\t\t<\/div>\n\t\t\t\t\t<\/div>\n\t\t<\/section>\n\t\t\t\t<section class=\"elementor-section elementor-top-section elementor-element elementor-element-09623c1 elementor-section-content-middle elementor-section-boxed elementor-section-height-default elementor-section-height-default\" data-id=\"09623c1\" data-element_type=\"section\" data-settings=\"{&quot;background_background&quot;:&quot;classic&quot;}\">\n\t\t\t\t\t\t<div class=\"elementor-container elementor-column-gap-default\">\n\t\t\t\t\t<div class=\"elementor-column elementor-col-20 elementor-top-column elementor-element elementor-element-eaea1f1\" data-id=\"eaea1f1\" data-element_type=\"column\">\n\t\t\t<div class=\"elementor-widget-wrap elementor-element-populated\">\n\t\t\t\t\t\t<div class=\"elementor-element elementor-element-5c30669 elementor-widget elementor-widget-image\" data-id=\"5c30669\" data-element_type=\"widget\" data-widget_type=\"image.default\">\n\t\t\t\t<div class=\"elementor-widget-container\">\n\t\t\t\t\t\t\t\t\t\t\t\t\t\t\t<img decoding=\"async\" width=\"750\" height=\"1000\" src=\"https:\/\/bo-avallon.com\/wp-content\/uploads\/2023\/10\/remi-14.png\" class=\"attachment-full size-full wp-image-754\" alt=\"remi marceau tourneur sculpteur sur bois\" srcset=\"https:\/\/bo-avallon.com\/wp-content\/uploads\/2023\/10\/remi-14.png 750w, https:\/\/bo-avallon.com\/wp-content\/uploads\/2023\/10\/remi-14-225x300.png 225w\" sizes=\"(max-width: 750px) 100vw, 750px\" \/>\t\t\t\t\t\t\t\t\t\t\t\t\t\t\t<\/div>\n\t\t\t\t<\/div>\n\t\t\t\t\t<\/div>\n\t\t<\/div>\n\t\t\t\t<div class=\"elementor-column elementor-col-20 elementor-top-column elementor-element elementor-element-77d1f29\" data-id=\"77d1f29\" data-element_type=\"column\">\n\t\t\t<div class=\"elementor-widget-wrap elementor-element-populated\">\n\t\t\t\t\t\t<div class=\"elementor-element elementor-element-a437d7a elementor-widget elementor-widget-image\" data-id=\"a437d7a\" data-element_type=\"widget\" data-widget_type=\"image.default\">\n\t\t\t\t<div class=\"elementor-widget-container\">\n\t\t\t\t\t\t\t\t\t\t\t\t\t\t\t<img loading=\"lazy\" decoding=\"async\" width=\"1000\" height=\"1000\" src=\"https:\/\/bo-avallon.com\/wp-content\/uploads\/2023\/10\/remi-22.png\" class=\"attachment-full size-full wp-image-757\" alt=\"remi marceau tourneur sculpteur sur bois\" srcset=\"https:\/\/bo-avallon.com\/wp-content\/uploads\/2023\/10\/remi-22.png 1000w, https:\/\/bo-avallon.com\/wp-content\/uploads\/2023\/10\/remi-22-300x300.png 300w, https:\/\/bo-avallon.com\/wp-content\/uploads\/2023\/10\/remi-22-150x150.png 150w, https:\/\/bo-avallon.com\/wp-content\/uploads\/2023\/10\/remi-22-768x768.png 768w\" sizes=\"(max-width: 1000px) 100vw, 1000px\" \/>\t\t\t\t\t\t\t\t\t\t\t\t\t\t\t<\/div>\n\t\t\t\t<\/div>\n\t\t\t\t\t<\/div>\n\t\t<\/div>\n\t\t\t\t<div class=\"elementor-column elementor-col-20 elementor-top-column elementor-element elementor-element-b9f7d4f\" data-id=\"b9f7d4f\" data-element_type=\"column\">\n\t\t\t<div class=\"elementor-widget-wrap elementor-element-populated\">\n\t\t\t\t\t\t<div class=\"elementor-element elementor-element-053fbad elementor-widget elementor-widget-image\" data-id=\"053fbad\" data-element_type=\"widget\" data-widget_type=\"image.default\">\n\t\t\t\t<div class=\"elementor-widget-container\">\n\t\t\t\t\t\t\t\t\t\t\t\t\t\t\t<img loading=\"lazy\" decoding=\"async\" width=\"750\" height=\"1000\" src=\"https:\/\/bo-avallon.com\/wp-content\/uploads\/2023\/10\/remi-12.png\" class=\"attachment-full size-full wp-image-753\" alt=\"remi marceau tourneur sculpteur sur bois\" srcset=\"https:\/\/bo-avallon.com\/wp-content\/uploads\/2023\/10\/remi-12.png 750w, https:\/\/bo-avallon.com\/wp-content\/uploads\/2023\/10\/remi-12-225x300.png 225w\" sizes=\"(max-width: 750px) 100vw, 750px\" \/>\t\t\t\t\t\t\t\t\t\t\t\t\t\t\t<\/div>\n\t\t\t\t<\/div>\n\t\t\t\t\t<\/div>\n\t\t<\/div>\n\t\t\t\t<div class=\"elementor-column elementor-col-20 elementor-top-column elementor-element elementor-element-7aa8ef8\" data-id=\"7aa8ef8\" data-element_type=\"column\">\n\t\t\t<div class=\"elementor-widget-wrap elementor-element-populated\">\n\t\t\t\t\t\t<div class=\"elementor-element elementor-element-22c1c06 elementor-widget elementor-widget-image\" data-id=\"22c1c06\" data-element_type=\"widget\" data-widget_type=\"image.default\">\n\t\t\t\t<div class=\"elementor-widget-container\">\n\t\t\t\t\t\t\t\t\t\t\t\t\t\t\t<img loading=\"lazy\" decoding=\"async\" width=\"1000\" height=\"1000\" src=\"https:\/\/bo-avallon.com\/wp-content\/uploads\/2023\/10\/remi-18.png\" class=\"attachment-full size-full wp-image-756\" alt=\"remi marceau tourneur sculpteur sur bois\" srcset=\"https:\/\/bo-avallon.com\/wp-content\/uploads\/2023\/10\/remi-18.png 1000w, https:\/\/bo-avallon.com\/wp-content\/uploads\/2023\/10\/remi-18-300x300.png 300w, https:\/\/bo-avallon.com\/wp-content\/uploads\/2023\/10\/remi-18-150x150.png 150w, https:\/\/bo-avallon.com\/wp-content\/uploads\/2023\/10\/remi-18-768x768.png 768w\" sizes=\"(max-width: 1000px) 100vw, 1000px\" \/>\t\t\t\t\t\t\t\t\t\t\t\t\t\t\t<\/div>\n\t\t\t\t<\/div>\n\t\t\t\t\t<\/div>\n\t\t<\/div>\n\t\t\t\t<div class=\"elementor-column elementor-col-20 elementor-top-column elementor-element elementor-element-f6ad1d6\" data-id=\"f6ad1d6\" data-element_type=\"column\">\n\t\t\t<div class=\"elementor-widget-wrap elementor-element-populated\">\n\t\t\t\t\t\t<div class=\"elementor-element elementor-element-f33f53e elementor-widget elementor-widget-image\" data-id=\"f33f53e\" data-element_type=\"widget\" data-widget_type=\"image.default\">\n\t\t\t\t<div class=\"elementor-widget-container\">\n\t\t\t\t\t\t\t\t\t\t\t\t\t\t\t<img loading=\"lazy\" decoding=\"async\" width=\"750\" height=\"1000\" src=\"https:\/\/bo-avallon.com\/wp-content\/uploads\/2023\/10\/remi-15.png\" class=\"attachment-full size-full wp-image-755\" alt=\"remi marceau tourneur sculpteur sur bois\" srcset=\"https:\/\/bo-avallon.com\/wp-content\/uploads\/2023\/10\/remi-15.png 750w, https:\/\/bo-avallon.com\/wp-content\/uploads\/2023\/10\/remi-15-225x300.png 225w\" sizes=\"(max-width: 750px) 100vw, 750px\" \/>\t\t\t\t\t\t\t\t\t\t\t\t\t\t\t<\/div>\n\t\t\t\t<\/div>\n\t\t\t\t\t<\/div>\n\t\t<\/div>\n\t\t\t\t\t<\/div>\n\t\t<\/section>\n\t\t\t\t<section class=\"elementor-section elementor-top-section elementor-element elementor-element-1ce057f elementor-section-boxed elementor-section-height-default elementor-section-height-default\" data-id=\"1ce057f\" data-element_type=\"section\">\n\t\t\t\t\t\t<div class=\"elementor-container elementor-column-gap-default\">\n\t\t\t\t\t<div class=\"elementor-column elementor-col-100 elementor-top-column elementor-element elementor-element-c9cb4a4\" data-id=\"c9cb4a4\" data-element_type=\"column\">\n\t\t\t<div class=\"elementor-widget-wrap elementor-element-populated\">\n\t\t\t\t\t\t<div class=\"elementor-element elementor-element-90dda2d elementor-widget elementor-widget-spacer\" data-id=\"90dda2d\" data-element_type=\"widget\" data-widget_type=\"spacer.default\">\n\t\t\t\t<div class=\"elementor-widget-container\">\n\t\t\t\t\t\t\t<div class=\"elementor-spacer\">\n\t\t\t<div class=\"elementor-spacer-inner\"><\/div>\n\t\t<\/div>\n\t\t\t\t\t\t<\/div>\n\t\t\t\t<\/div>\n\t\t\t\t\t<\/div>\n\t\t<\/div>\n\t\t\t\t\t<\/div>\n\t\t<\/section>\n\t\t\t\t<section class=\"elementor-section elementor-top-section elementor-element elementor-element-abe6541 elementor-section-boxed elementor-section-height-default elementor-section-height-default\" data-id=\"abe6541\" data-element_type=\"section\" data-settings=\"{&quot;background_background&quot;:&quot;classic&quot;}\">\n\t\t\t\t\t\t<div class=\"elementor-container elementor-column-gap-default\">\n\t\t\t\t\t<div class=\"elementor-column elementor-col-100 elementor-top-column elementor-element elementor-element-a9c9c16\" data-id=\"a9c9c16\" data-element_type=\"column\">\n\t\t\t<div class=\"elementor-widget-wrap elementor-element-populated\">\n\t\t\t\t\t\t<div class=\"elementor-element elementor-element-6220b32 elementor-widget elementor-widget-spacer\" data-id=\"6220b32\" data-element_type=\"widget\" data-widget_type=\"spacer.default\">\n\t\t\t\t<div class=\"elementor-widget-container\">\n\t\t\t\t\t\t\t<div class=\"elementor-spacer\">\n\t\t\t<div class=\"elementor-spacer-inner\"><\/div>\n\t\t<\/div>\n\t\t\t\t\t\t<\/div>\n\t\t\t\t<\/div>\n\t\t\t\t\t<\/div>\n\t\t<\/div>\n\t\t\t\t\t<\/div>\n\t\t<\/section>\n\t\t\t\t<\/div>\n\t\t","protected":false},"excerpt":{"rendered":"<p>R\u00c9MI MARCEAUTourneur Sculpteur Bois En activit\u00e9 depuis 2004, j\u2019appr\u00e9cie tout particuli\u00e8rement d\u00e9tourner la mati\u00e8re, jouer sur les textures, les tensions la r\u00e9sistance du bois.Le respect du geste traditionnel va de paire avec la recherche de nouvelles m\u00e9thodes de r\u00e9alisation. Une route sans fin sur laquelle j\u2019aime d\u00e9ambuler et me perdre pour mieux me retrouver et&hellip;&nbsp;<a href=\"https:\/\/bo-avallon.com\/index.php\/remi-marceau\/\" rel=\"bookmark\">Lire la suite &raquo;<span class=\"screen-reader-text\">R\u00e9mi Marceau<\/span><\/a><\/p>\n","protected":false},"author":1,"featured_media":0,"parent":0,"menu_order":0,"comment_status":"closed","ping_status":"closed","template":"page-templates\/template-pagebuilder-full-width.php","meta":{"neve_meta_sidebar":"","neve_meta_container":"","neve_meta_enable_content_width":"","neve_meta_content_width":0,"neve_meta_title_alignment":"","neve_meta_author_avatar":"","neve_post_elements_order":"","neve_meta_disable_header":"","neve_meta_disable_footer":"","neve_meta_disable_title":"","footnotes":""},"class_list":["post-584","page","type-page","status-publish","hentry"],"yoast_head":"<!-- This site is optimized with the Yoast SEO plugin v24.1 - https:\/\/yoast.com\/wordpress\/plugins\/seo\/ -->\n<title>R\u00e9mi Marceau - B\u014c Boutique de cr\u00e9ateurs<\/title>\n<meta name=\"description\" content=\"Boutique de cr\u00e9ateurs d&#039;art \u00e0 Avallon. 8 artistes cr\u00e9ateurs vous proposent leurs cr\u00e9ations, bois, bijou, c\u00e9ramique, photographie, parfum, sculpture...\" \/>\n<meta name=\"robots\" content=\"index, follow, max-snippet:-1, max-image-preview:large, max-video-preview:-1\" \/>\n<link rel=\"canonical\" href=\"https:\/\/bo-avallon.com\/index.php\/remi-marceau\/\" \/>\n<meta property=\"og:locale\" content=\"fr_FR\" \/>\n<meta property=\"og:type\" content=\"article\" \/>\n<meta property=\"og:title\" content=\"R\u00e9mi Marceau - B\u014c Boutique de cr\u00e9ateurs\" \/>\n<meta property=\"og:description\" content=\"Boutique de cr\u00e9ateurs d&#039;art \u00e0 Avallon. 8 artistes cr\u00e9ateurs vous proposent leurs cr\u00e9ations, bois, bijou, c\u00e9ramique, photographie, parfum, sculpture...\" \/>\n<meta property=\"og:url\" content=\"https:\/\/bo-avallon.com\/index.php\/remi-marceau\/\" \/>\n<meta property=\"og:site_name\" content=\"B\u014c Boutique de cr\u00e9ateurs\" \/>\n<meta property=\"article:publisher\" content=\"https:\/\/www.facebook.com\/profile.php?id=100087374898835\" \/>\n<meta property=\"article:modified_time\" content=\"2025-09-27T10:07:00+00:00\" \/>\n<meta property=\"og:image\" content=\"https:\/\/bo-avallon.com\/wp-content\/uploads\/2023\/10\/portrait-remi-marceau-02.png\" \/>\n\t<meta property=\"og:image:width\" content=\"1000\" \/>\n\t<meta property=\"og:image:height\" content=\"1000\" \/>\n\t<meta property=\"og:image:type\" content=\"image\/png\" \/>\n<meta name=\"twitter:card\" content=\"summary_large_image\" \/>\n<meta name=\"twitter:label1\" content=\"Dur\u00e9e de lecture estim\u00e9e\" \/>\n\t<meta name=\"twitter:data1\" content=\"2 minutes\" \/>\n<script type=\"application\/ld+json\" class=\"yoast-schema-graph\">{\"@context\":\"https:\/\/schema.org\",\"@graph\":[{\"@type\":\"WebPage\",\"@id\":\"https:\/\/bo-avallon.com\/index.php\/remi-marceau\/\",\"url\":\"https:\/\/bo-avallon.com\/index.php\/remi-marceau\/\",\"name\":\"R\u00e9mi Marceau - B\u014c Boutique de cr\u00e9ateurs\",\"isPartOf\":{\"@id\":\"https:\/\/bo-avallon.com\/#website\"},\"primaryImageOfPage\":{\"@id\":\"https:\/\/bo-avallon.com\/index.php\/remi-marceau\/#primaryimage\"},\"image\":{\"@id\":\"https:\/\/bo-avallon.com\/index.php\/remi-marceau\/#primaryimage\"},\"thumbnailUrl\":\"https:\/\/bo-avallon.com\/wp-content\/uploads\/2023\/10\/portrait-remi-marceau-02-150x150.png\",\"datePublished\":\"2023-10-18T13:43:21+00:00\",\"dateModified\":\"2025-09-27T10:07:00+00:00\",\"description\":\"Boutique de cr\u00e9ateurs d'art \u00e0 Avallon. 8 artistes cr\u00e9ateurs vous proposent leurs cr\u00e9ations, bois, bijou, c\u00e9ramique, photographie, parfum, sculpture...\",\"breadcrumb\":{\"@id\":\"https:\/\/bo-avallon.com\/index.php\/remi-marceau\/#breadcrumb\"},\"inLanguage\":\"fr-FR\",\"potentialAction\":[{\"@type\":\"ReadAction\",\"target\":[\"https:\/\/bo-avallon.com\/index.php\/remi-marceau\/\"]}]},{\"@type\":\"ImageObject\",\"inLanguage\":\"fr-FR\",\"@id\":\"https:\/\/bo-avallon.com\/index.php\/remi-marceau\/#primaryimage\",\"url\":\"https:\/\/bo-avallon.com\/wp-content\/uploads\/2023\/10\/portrait-remi-marceau-02.png\",\"contentUrl\":\"https:\/\/bo-avallon.com\/wp-content\/uploads\/2023\/10\/portrait-remi-marceau-02.png\",\"width\":1000,\"height\":1000,\"caption\":\"remi marceau tourneur sculpteur sur bois\"},{\"@type\":\"BreadcrumbList\",\"@id\":\"https:\/\/bo-avallon.com\/index.php\/remi-marceau\/#breadcrumb\",\"itemListElement\":[{\"@type\":\"ListItem\",\"position\":1,\"name\":\"Accueil\",\"item\":\"https:\/\/bo-avallon.com\/\"},{\"@type\":\"ListItem\",\"position\":2,\"name\":\"R\u00e9mi Marceau\"}]},{\"@type\":\"WebSite\",\"@id\":\"https:\/\/bo-avallon.com\/#website\",\"url\":\"https:\/\/bo-avallon.com\/\",\"name\":\"B\u014c Boutique de cr\u00e9ateurs\",\"description\":\"BOUTIQUE DE CR\u00c9ATEURS\",\"publisher\":{\"@id\":\"https:\/\/bo-avallon.com\/#organization\"},\"potentialAction\":[{\"@type\":\"SearchAction\",\"target\":{\"@type\":\"EntryPoint\",\"urlTemplate\":\"https:\/\/bo-avallon.com\/?s={search_term_string}\"},\"query-input\":{\"@type\":\"PropertyValueSpecification\",\"valueRequired\":true,\"valueName\":\"search_term_string\"}}],\"inLanguage\":\"fr-FR\"},{\"@type\":\"Organization\",\"@id\":\"https:\/\/bo-avallon.com\/#organization\",\"name\":\"B\u014c Boutique de cr\u00e9ateurs Avallon 89200\",\"url\":\"https:\/\/bo-avallon.com\/\",\"logo\":{\"@type\":\"ImageObject\",\"inLanguage\":\"fr-FR\",\"@id\":\"https:\/\/bo-avallon.com\/#\/schema\/logo\/image\/\",\"url\":\"http:\/\/bo-avallon.com\/wp-content\/uploads\/2023\/01\/Logo-bo-barre-recherche.png\",\"contentUrl\":\"http:\/\/bo-avallon.com\/wp-content\/uploads\/2023\/01\/Logo-bo-barre-recherche.png\",\"width\":500,\"height\":500,\"caption\":\"B\u014c Boutique de cr\u00e9ateurs Avallon 89200\"},\"image\":{\"@id\":\"https:\/\/bo-avallon.com\/#\/schema\/logo\/image\/\"},\"sameAs\":[\"https:\/\/www.facebook.com\/profile.php?id=100087374898835\",\"https:\/\/www.instagram.com\/boavallon\/?hl=fr\"]}]}<\/script>\n<!-- \/ Yoast SEO plugin. -->","yoast_head_json":{"title":"R\u00e9mi Marceau - B\u014c Boutique de cr\u00e9ateurs","description":"Boutique de cr\u00e9ateurs d'art \u00e0 Avallon. 8 artistes cr\u00e9ateurs vous proposent leurs cr\u00e9ations, bois, bijou, c\u00e9ramique, photographie, parfum, sculpture...","robots":{"index":"index","follow":"follow","max-snippet":"max-snippet:-1","max-image-preview":"max-image-preview:large","max-video-preview":"max-video-preview:-1"},"canonical":"https:\/\/bo-avallon.com\/index.php\/remi-marceau\/","og_locale":"fr_FR","og_type":"article","og_title":"R\u00e9mi Marceau - B\u014c Boutique de cr\u00e9ateurs","og_description":"Boutique de cr\u00e9ateurs d'art \u00e0 Avallon. 8 artistes cr\u00e9ateurs vous proposent leurs cr\u00e9ations, bois, bijou, c\u00e9ramique, photographie, parfum, sculpture...","og_url":"https:\/\/bo-avallon.com\/index.php\/remi-marceau\/","og_site_name":"B\u014c Boutique de cr\u00e9ateurs","article_publisher":"https:\/\/www.facebook.com\/profile.php?id=100087374898835","article_modified_time":"2025-09-27T10:07:00+00:00","og_image":[{"width":1000,"height":1000,"url":"https:\/\/bo-avallon.com\/wp-content\/uploads\/2023\/10\/portrait-remi-marceau-02.png","type":"image\/png"}],"twitter_card":"summary_large_image","twitter_misc":{"Dur\u00e9e de lecture estim\u00e9e":"2 minutes"},"schema":{"@context":"https:\/\/schema.org","@graph":[{"@type":"WebPage","@id":"https:\/\/bo-avallon.com\/index.php\/remi-marceau\/","url":"https:\/\/bo-avallon.com\/index.php\/remi-marceau\/","name":"R\u00e9mi Marceau - B\u014c Boutique de cr\u00e9ateurs","isPartOf":{"@id":"https:\/\/bo-avallon.com\/#website"},"primaryImageOfPage":{"@id":"https:\/\/bo-avallon.com\/index.php\/remi-marceau\/#primaryimage"},"image":{"@id":"https:\/\/bo-avallon.com\/index.php\/remi-marceau\/#primaryimage"},"thumbnailUrl":"https:\/\/bo-avallon.com\/wp-content\/uploads\/2023\/10\/portrait-remi-marceau-02-150x150.png","datePublished":"2023-10-18T13:43:21+00:00","dateModified":"2025-09-27T10:07:00+00:00","description":"Boutique de cr\u00e9ateurs d'art \u00e0 Avallon. 8 artistes cr\u00e9ateurs vous proposent leurs cr\u00e9ations, bois, bijou, c\u00e9ramique, photographie, parfum, sculpture...","breadcrumb":{"@id":"https:\/\/bo-avallon.com\/index.php\/remi-marceau\/#breadcrumb"},"inLanguage":"fr-FR","potentialAction":[{"@type":"ReadAction","target":["https:\/\/bo-avallon.com\/index.php\/remi-marceau\/"]}]},{"@type":"ImageObject","inLanguage":"fr-FR","@id":"https:\/\/bo-avallon.com\/index.php\/remi-marceau\/#primaryimage","url":"https:\/\/bo-avallon.com\/wp-content\/uploads\/2023\/10\/portrait-remi-marceau-02.png","contentUrl":"https:\/\/bo-avallon.com\/wp-content\/uploads\/2023\/10\/portrait-remi-marceau-02.png","width":1000,"height":1000,"caption":"remi marceau tourneur sculpteur sur bois"},{"@type":"BreadcrumbList","@id":"https:\/\/bo-avallon.com\/index.php\/remi-marceau\/#breadcrumb","itemListElement":[{"@type":"ListItem","position":1,"name":"Accueil","item":"https:\/\/bo-avallon.com\/"},{"@type":"ListItem","position":2,"name":"R\u00e9mi Marceau"}]},{"@type":"WebSite","@id":"https:\/\/bo-avallon.com\/#website","url":"https:\/\/bo-avallon.com\/","name":"B\u014c Boutique de cr\u00e9ateurs","description":"BOUTIQUE DE CR\u00c9ATEURS","publisher":{"@id":"https:\/\/bo-avallon.com\/#organization"},"potentialAction":[{"@type":"SearchAction","target":{"@type":"EntryPoint","urlTemplate":"https:\/\/bo-avallon.com\/?s={search_term_string}"},"query-input":{"@type":"PropertyValueSpecification","valueRequired":true,"valueName":"search_term_string"}}],"inLanguage":"fr-FR"},{"@type":"Organization","@id":"https:\/\/bo-avallon.com\/#organization","name":"B\u014c Boutique de cr\u00e9ateurs Avallon 89200","url":"https:\/\/bo-avallon.com\/","logo":{"@type":"ImageObject","inLanguage":"fr-FR","@id":"https:\/\/bo-avallon.com\/#\/schema\/logo\/image\/","url":"http:\/\/bo-avallon.com\/wp-content\/uploads\/2023\/01\/Logo-bo-barre-recherche.png","contentUrl":"http:\/\/bo-avallon.com\/wp-content\/uploads\/2023\/01\/Logo-bo-barre-recherche.png","width":500,"height":500,"caption":"B\u014c Boutique de cr\u00e9ateurs Avallon 89200"},"image":{"@id":"https:\/\/bo-avallon.com\/#\/schema\/logo\/image\/"},"sameAs":["https:\/\/www.facebook.com\/profile.php?id=100087374898835","https:\/\/www.instagram.com\/boavallon\/?hl=fr"]}]}},"jetpack_sharing_enabled":true,"_links":{"self":[{"href":"https:\/\/bo-avallon.com\/index.php\/wp-json\/wp\/v2\/pages\/584","targetHints":{"allow":["GET"]}}],"collection":[{"href":"https:\/\/bo-avallon.com\/index.php\/wp-json\/wp\/v2\/pages"}],"about":[{"href":"https:\/\/bo-avallon.com\/index.php\/wp-json\/wp\/v2\/types\/page"}],"author":[{"embeddable":true,"href":"https:\/\/bo-avallon.com\/index.php\/wp-json\/wp\/v2\/users\/1"}],"replies":[{"embeddable":true,"href":"https:\/\/bo-avallon.com\/index.php\/wp-json\/wp\/v2\/comments?post=584"}],"version-history":[{"count":17,"href":"https:\/\/bo-avallon.com\/index.php\/wp-json\/wp\/v2\/pages\/584\/revisions"}],"predecessor-version":[{"id":4133,"href":"https:\/\/bo-avallon.com\/index.php\/wp-json\/wp\/v2\/pages\/584\/revisions\/4133"}],"wp:attachment":[{"href":"https:\/\/bo-avallon.com\/index.php\/wp-json\/wp\/v2\/media?parent=584"}],"curies":[{"name":"wp","href":"https:\/\/api.w.org\/{rel}","templated":true}]}}