{"id":582,"date":"2023-10-18T15:41:39","date_gmt":"2023-10-18T13:41:39","guid":{"rendered":"https:\/\/bo-avallon.com\/?page_id=582"},"modified":"2025-09-27T12:06:07","modified_gmt":"2025-09-27T10:06:07","slug":"christine-lemaire","status":"publish","type":"page","link":"https:\/\/bo-avallon.com\/index.php\/christine-lemaire\/","title":{"rendered":"Christine Lemaire"},"content":{"rendered":"\t\t<div data-elementor-type=\"wp-page\" data-elementor-id=\"582\" class=\"elementor elementor-582\">\n\t\t\t\t\t\t<section class=\"elementor-section elementor-top-section elementor-element elementor-element-759a76d elementor-section-boxed elementor-section-height-default elementor-section-height-default\" data-id=\"759a76d\" data-element_type=\"section\">\n\t\t\t\t\t\t<div class=\"elementor-container elementor-column-gap-default\">\n\t\t\t\t\t<div class=\"elementor-column elementor-col-100 elementor-top-column elementor-element elementor-element-453c048\" data-id=\"453c048\" data-element_type=\"column\">\n\t\t\t<div class=\"elementor-widget-wrap elementor-element-populated\">\n\t\t\t\t\t\t<div class=\"elementor-element elementor-element-1581ad6 elementor-widget elementor-widget-spacer\" data-id=\"1581ad6\" data-element_type=\"widget\" data-widget_type=\"spacer.default\">\n\t\t\t\t<div class=\"elementor-widget-container\">\n\t\t\t\t\t\t\t<div class=\"elementor-spacer\">\n\t\t\t<div class=\"elementor-spacer-inner\"><\/div>\n\t\t<\/div>\n\t\t\t\t\t\t<\/div>\n\t\t\t\t<\/div>\n\t\t\t\t\t<\/div>\n\t\t<\/div>\n\t\t\t\t\t<\/div>\n\t\t<\/section>\n\t\t\t\t<section class=\"elementor-section elementor-top-section elementor-element elementor-element-978bcc3 elementor-section-boxed elementor-section-height-default elementor-section-height-default\" data-id=\"978bcc3\" data-element_type=\"section\">\n\t\t\t\t\t\t<div class=\"elementor-container elementor-column-gap-default\">\n\t\t\t\t\t<div class=\"elementor-column elementor-col-50 elementor-top-column elementor-element elementor-element-9d3aaaa\" data-id=\"9d3aaaa\" data-element_type=\"column\">\n\t\t\t<div class=\"elementor-widget-wrap elementor-element-populated\">\n\t\t\t\t\t\t<div class=\"elementor-element elementor-element-858fe6a elementor-widget elementor-widget-text-editor\" data-id=\"858fe6a\" data-element_type=\"widget\" data-widget_type=\"text-editor.default\">\n\t\t\t\t<div class=\"elementor-widget-container\">\n\t\t\t\t\t\t\t\t\t<p style=\"padding-left: 40px;\"><strong>CHRISTINE LEMAIRE<\/strong><br \/>Sculpteur<\/p>\t\t\t\t\t\t\t\t<\/div>\n\t\t\t\t<\/div>\n\t\t\t\t<div class=\"elementor-element elementor-element-330bca1 elementor-widget elementor-widget-text-editor\" data-id=\"330bca1\" data-element_type=\"widget\" data-widget_type=\"text-editor.default\">\n\t\t\t\t<div class=\"elementor-widget-container\">\n\t\t\t\t\t\t\t\t\t<p class=\"p1\">Depuis des ann\u00e9es Christine Lemaire se confronte \u00e0 la duret\u00e9 du m\u00e9tal pour en extirper personnages, objets ou \u00ab\u00a0lieux\u00a0\u00bb \u2026 Un long travail d\u2019approche et de conqu\u00eate de la mati\u00e8re auquel s\u2019est ajout\u00e9 une minutieuse recherche d\u2019expressivit\u00e9 sobre. Seule ne semble plus la pr\u00e9occuper que la pr\u00e9sence dans l\u2019espace des ses oeuvres. Ses oeuvres, l\u00e9g\u00e8res, enti\u00e8rement \u00ab\u00a0lin\u00e9aris\u00e9es\u00a0\u00bb, jet\u00e9es avec un sens inn\u00e9 du mouvement a\u00e9rien, sur des courbes souples, des obliques, semblent d\u00e9fier l\u2019apesanteur. Ici un couple de femmes en confidences, on jurerait les entendre\u2026, l\u00e0 un personnage envelopp\u00e9 d\u2019une cape que le vent chahute, ailleurs un homuncule batifolant au sommet d\u2019une tige que balance la moindre brise\u2026comme une provocation \u00e0 la duret\u00e9 du mat\u00e9riau ! Et puis \u00e0 l\u2019oppos\u00e9, puissamment ancr\u00e9es dans le sol, comme accroupies aux confins du d\u00e9sert, ses forteresses pointant vers le ciel leurs puissantes tourelles. Ne pr\u00e9sentant de leur int\u00e9riorit\u00e9 que leurs toits irr\u00e9guliers, leurs murs lisses et pourtant burin\u00e9s, sans aucune fioriture et de plus en plus \u00ab\u00a0aveugles\u00a0\u00bb, elles appellent au myst\u00e8re. M\u00e9talli\u00e8re de talent, constructrice de vieux aciers, Christine Lemaire a une fa\u00e7on bien \u00e0 elle de cr\u00e9er une po\u00e9tique de l\u2019\u00eatre et du para\u00eetre, soumis \u00e0 sa connaissance intuitive du mat\u00e9riau dompt\u00e9 par un savoir faire infaillible. Une vision globale de l\u2019existence exprim\u00e9e par l\u2019artiste au travers le contraste des ses voies de recherche, offrant ainsi un \u00e9quilibre subtil entre l\u00e9g\u00e8ret\u00e9 et force.<\/p><p class=\"p1\">J.Rivais &#8211; Critique d\u2019art<\/p>\t\t\t\t\t\t\t\t<\/div>\n\t\t\t\t<\/div>\n\t\t\t\t\t<\/div>\n\t\t<\/div>\n\t\t\t\t<div class=\"elementor-column elementor-col-50 elementor-top-column elementor-element elementor-element-f81b78f\" data-id=\"f81b78f\" data-element_type=\"column\">\n\t\t\t<div class=\"elementor-widget-wrap elementor-element-populated\">\n\t\t\t\t\t\t<div class=\"elementor-element elementor-element-0f0b71b elementor-widget elementor-widget-image\" data-id=\"0f0b71b\" data-element_type=\"widget\" data-widget_type=\"image.default\">\n\t\t\t\t<div class=\"elementor-widget-container\">\n\t\t\t\t\t\t\t\t\t\t\t\t\t\t\t<img fetchpriority=\"high\" decoding=\"async\" width=\"667\" height=\"1000\" src=\"https:\/\/bo-avallon.com\/wp-content\/uploads\/2023\/10\/portrait-christine-lemaire-01.png\" class=\"attachment-full size-full wp-image-617\" alt=\"christine lemaire sculpteur\" srcset=\"https:\/\/bo-avallon.com\/wp-content\/uploads\/2023\/10\/portrait-christine-lemaire-01.png 667w, https:\/\/bo-avallon.com\/wp-content\/uploads\/2023\/10\/portrait-christine-lemaire-01-200x300.png 200w\" sizes=\"(max-width: 667px) 100vw, 667px\" \/>\t\t\t\t\t\t\t\t\t\t\t\t\t\t\t<\/div>\n\t\t\t\t<\/div>\n\t\t\t\t<div class=\"elementor-element elementor-element-9a7d84c elementor-widget elementor-widget-spacer\" data-id=\"9a7d84c\" data-element_type=\"widget\" data-widget_type=\"spacer.default\">\n\t\t\t\t<div class=\"elementor-widget-container\">\n\t\t\t\t\t\t\t<div class=\"elementor-spacer\">\n\t\t\t<div class=\"elementor-spacer-inner\"><\/div>\n\t\t<\/div>\n\t\t\t\t\t\t<\/div>\n\t\t\t\t<\/div>\n\t\t\t\t<div class=\"elementor-element elementor-element-ed1ab1d elementor-widget elementor-widget-text-editor\" data-id=\"ed1ab1d\" data-element_type=\"widget\" data-widget_type=\"text-editor.default\">\n\t\t\t\t<div class=\"elementor-widget-container\">\n\t\t\t\t\t\t\t\t\t<p>Christine Lemaire &#8211; Sculpteur<br \/>christinelemaire89@gmail.com<br \/>06 33 97 14 93<br \/><a href=\"http:\/\/www.christinelemaire.fr\/\" target=\"_blank\" rel=\"noopener\">www.christinelemaire.fr<\/a><\/p><p>\u00a0<\/p>\t\t\t\t\t\t\t\t<\/div>\n\t\t\t\t<\/div>\n\t\t\t\t\t<\/div>\n\t\t<\/div>\n\t\t\t\t\t<\/div>\n\t\t<\/section>\n\t\t\t\t<section class=\"elementor-section elementor-top-section elementor-element elementor-element-b584890 elementor-section-boxed elementor-section-height-default elementor-section-height-default\" data-id=\"b584890\" data-element_type=\"section\">\n\t\t\t\t\t\t<div class=\"elementor-container elementor-column-gap-default\">\n\t\t\t\t\t<div class=\"elementor-column elementor-col-100 elementor-top-column elementor-element elementor-element-706af43\" data-id=\"706af43\" data-element_type=\"column\">\n\t\t\t<div class=\"elementor-widget-wrap elementor-element-populated\">\n\t\t\t\t\t\t<div class=\"elementor-element elementor-element-f33f53e elementor-widget elementor-widget-image\" data-id=\"f33f53e\" data-element_type=\"widget\" data-widget_type=\"image.default\">\n\t\t\t\t<div class=\"elementor-widget-container\">\n\t\t\t\t\t\t\t\t\t\t\t\t\t\t\t<img decoding=\"async\" width=\"2350\" height=\"583\" src=\"https:\/\/bo-avallon.com\/wp-content\/uploads\/2023\/10\/christine-petite-friche-e1697728103864.png\" class=\"attachment-full size-full wp-image-728\" alt=\"christine lemaire sculpteur\" srcset=\"https:\/\/bo-avallon.com\/wp-content\/uploads\/2023\/10\/christine-petite-friche-e1697728103864.png 2350w, https:\/\/bo-avallon.com\/wp-content\/uploads\/2023\/10\/christine-petite-friche-e1697728103864-300x74.png 300w, https:\/\/bo-avallon.com\/wp-content\/uploads\/2023\/10\/christine-petite-friche-e1697728103864-1024x254.png 1024w, https:\/\/bo-avallon.com\/wp-content\/uploads\/2023\/10\/christine-petite-friche-e1697728103864-768x191.png 768w, https:\/\/bo-avallon.com\/wp-content\/uploads\/2023\/10\/christine-petite-friche-e1697728103864-1536x381.png 1536w, https:\/\/bo-avallon.com\/wp-content\/uploads\/2023\/10\/christine-petite-friche-e1697728103864-2048x508.png 2048w\" sizes=\"(max-width: 2350px) 100vw, 2350px\" \/>\t\t\t\t\t\t\t\t\t\t\t\t\t\t\t<\/div>\n\t\t\t\t<\/div>\n\t\t\t\t\t<\/div>\n\t\t<\/div>\n\t\t\t\t\t<\/div>\n\t\t<\/section>\n\t\t\t\t<section class=\"elementor-section elementor-top-section elementor-element elementor-element-09623c1 elementor-section-content-middle elementor-section-boxed elementor-section-height-default elementor-section-height-default\" data-id=\"09623c1\" data-element_type=\"section\" data-settings=\"{&quot;background_background&quot;:&quot;classic&quot;}\">\n\t\t\t\t\t\t<div class=\"elementor-container elementor-column-gap-default\">\n\t\t\t\t\t<div class=\"elementor-column elementor-col-33 elementor-top-column elementor-element elementor-element-eaea1f1\" data-id=\"eaea1f1\" data-element_type=\"column\">\n\t\t\t<div class=\"elementor-widget-wrap elementor-element-populated\">\n\t\t\t\t\t\t<div class=\"elementor-element elementor-element-d9aa743 elementor-widget elementor-widget-image\" data-id=\"d9aa743\" data-element_type=\"widget\" data-widget_type=\"image.default\">\n\t\t\t\t<div class=\"elementor-widget-container\">\n\t\t\t\t\t\t\t\t\t\t\t\t\t\t\t<img decoding=\"async\" width=\"510\" height=\"1000\" src=\"https:\/\/bo-avallon.com\/wp-content\/uploads\/2023\/10\/christine-ipep2.png\" class=\"attachment-full size-full wp-image-726\" alt=\"christine lemaire sculpteur\" srcset=\"https:\/\/bo-avallon.com\/wp-content\/uploads\/2023\/10\/christine-ipep2.png 510w, https:\/\/bo-avallon.com\/wp-content\/uploads\/2023\/10\/christine-ipep2-153x300.png 153w\" sizes=\"(max-width: 510px) 100vw, 510px\" \/>\t\t\t\t\t\t\t\t\t\t\t\t\t\t\t<\/div>\n\t\t\t\t<\/div>\n\t\t\t\t\t<\/div>\n\t\t<\/div>\n\t\t\t\t<div class=\"elementor-column elementor-col-33 elementor-top-column elementor-element elementor-element-852f13a\" data-id=\"852f13a\" data-element_type=\"column\">\n\t\t\t<div class=\"elementor-widget-wrap elementor-element-populated\">\n\t\t\t\t\t\t<div class=\"elementor-element elementor-element-053fbad elementor-widget elementor-widget-image\" data-id=\"053fbad\" data-element_type=\"widget\" data-widget_type=\"image.default\">\n\t\t\t\t<div class=\"elementor-widget-container\">\n\t\t\t\t\t\t\t\t\t\t\t\t\t\t\t<img loading=\"lazy\" decoding=\"async\" width=\"800\" height=\"1000\" src=\"https:\/\/bo-avallon.com\/wp-content\/uploads\/2023\/10\/christine-taurus.png\" class=\"attachment-full size-full wp-image-729\" alt=\"christine lemaire sculpteur\" srcset=\"https:\/\/bo-avallon.com\/wp-content\/uploads\/2023\/10\/christine-taurus.png 800w, https:\/\/bo-avallon.com\/wp-content\/uploads\/2023\/10\/christine-taurus-240x300.png 240w, https:\/\/bo-avallon.com\/wp-content\/uploads\/2023\/10\/christine-taurus-768x960.png 768w\" sizes=\"(max-width: 800px) 100vw, 800px\" \/>\t\t\t\t\t\t\t\t\t\t\t\t\t\t\t<\/div>\n\t\t\t\t<\/div>\n\t\t\t\t<div class=\"elementor-element elementor-element-5c30669 elementor-widget elementor-widget-image\" data-id=\"5c30669\" data-element_type=\"widget\" data-widget_type=\"image.default\">\n\t\t\t\t<div class=\"elementor-widget-container\">\n\t\t\t\t\t\t\t\t\t\t\t\t\t\t\t<img loading=\"lazy\" decoding=\"async\" width=\"1000\" height=\"750\" src=\"https:\/\/bo-avallon.com\/wp-content\/uploads\/2023\/10\/christine-foule.png\" class=\"attachment-full size-full wp-image-725\" alt=\"christine lemaire sculpteur\" srcset=\"https:\/\/bo-avallon.com\/wp-content\/uploads\/2023\/10\/christine-foule.png 1000w, https:\/\/bo-avallon.com\/wp-content\/uploads\/2023\/10\/christine-foule-300x225.png 300w, https:\/\/bo-avallon.com\/wp-content\/uploads\/2023\/10\/christine-foule-768x576.png 768w\" sizes=\"(max-width: 1000px) 100vw, 1000px\" \/>\t\t\t\t\t\t\t\t\t\t\t\t\t\t\t<\/div>\n\t\t\t\t<\/div>\n\t\t\t\t\t<\/div>\n\t\t<\/div>\n\t\t\t\t<div class=\"elementor-column elementor-col-33 elementor-top-column elementor-element elementor-element-77d1f29\" data-id=\"77d1f29\" data-element_type=\"column\">\n\t\t\t<div class=\"elementor-widget-wrap elementor-element-populated\">\n\t\t\t\t\t\t<div class=\"elementor-element elementor-element-22c1c06 elementor-widget elementor-widget-image\" data-id=\"22c1c06\" data-element_type=\"widget\" data-widget_type=\"image.default\">\n\t\t\t\t<div class=\"elementor-widget-container\">\n\t\t\t\t\t\t\t\t\t\t\t\t\t\t\t<img loading=\"lazy\" decoding=\"async\" width=\"722\" height=\"1000\" src=\"https:\/\/bo-avallon.com\/wp-content\/uploads\/2023\/10\/christine-nonchalants.png\" class=\"attachment-full size-full wp-image-727\" alt=\"christine lemaire sculpteur\" srcset=\"https:\/\/bo-avallon.com\/wp-content\/uploads\/2023\/10\/christine-nonchalants.png 722w, https:\/\/bo-avallon.com\/wp-content\/uploads\/2023\/10\/christine-nonchalants-217x300.png 217w\" sizes=\"(max-width: 722px) 100vw, 722px\" \/>\t\t\t\t\t\t\t\t\t\t\t\t\t\t\t<\/div>\n\t\t\t\t<\/div>\n\t\t\t\t\t<\/div>\n\t\t<\/div>\n\t\t\t\t\t<\/div>\n\t\t<\/section>\n\t\t\t\t<section class=\"elementor-section elementor-top-section elementor-element elementor-element-1ce057f elementor-section-boxed elementor-section-height-default elementor-section-height-default\" data-id=\"1ce057f\" data-element_type=\"section\">\n\t\t\t\t\t\t<div class=\"elementor-container elementor-column-gap-default\">\n\t\t\t\t\t<div class=\"elementor-column elementor-col-100 elementor-top-column elementor-element elementor-element-c9cb4a4\" data-id=\"c9cb4a4\" data-element_type=\"column\">\n\t\t\t<div class=\"elementor-widget-wrap elementor-element-populated\">\n\t\t\t\t\t\t<div class=\"elementor-element elementor-element-90dda2d elementor-widget elementor-widget-spacer\" data-id=\"90dda2d\" data-element_type=\"widget\" data-widget_type=\"spacer.default\">\n\t\t\t\t<div class=\"elementor-widget-container\">\n\t\t\t\t\t\t\t<div class=\"elementor-spacer\">\n\t\t\t<div class=\"elementor-spacer-inner\"><\/div>\n\t\t<\/div>\n\t\t\t\t\t\t<\/div>\n\t\t\t\t<\/div>\n\t\t\t\t\t<\/div>\n\t\t<\/div>\n\t\t\t\t\t<\/div>\n\t\t<\/section>\n\t\t\t\t<section class=\"elementor-section elementor-top-section elementor-element elementor-element-5839ee7 elementor-section-boxed elementor-section-height-default elementor-section-height-default\" data-id=\"5839ee7\" data-element_type=\"section\" data-settings=\"{&quot;background_background&quot;:&quot;classic&quot;}\">\n\t\t\t\t\t\t<div class=\"elementor-container elementor-column-gap-default\">\n\t\t\t\t\t<div class=\"elementor-column elementor-col-100 elementor-top-column elementor-element elementor-element-eca101e\" data-id=\"eca101e\" data-element_type=\"column\">\n\t\t\t<div class=\"elementor-widget-wrap elementor-element-populated\">\n\t\t\t\t\t\t<div class=\"elementor-element elementor-element-f1ba72d elementor-widget elementor-widget-spacer\" data-id=\"f1ba72d\" data-element_type=\"widget\" data-widget_type=\"spacer.default\">\n\t\t\t\t<div class=\"elementor-widget-container\">\n\t\t\t\t\t\t\t<div class=\"elementor-spacer\">\n\t\t\t<div class=\"elementor-spacer-inner\"><\/div>\n\t\t<\/div>\n\t\t\t\t\t\t<\/div>\n\t\t\t\t<\/div>\n\t\t\t\t\t<\/div>\n\t\t<\/div>\n\t\t\t\t\t<\/div>\n\t\t<\/section>\n\t\t\t\t<\/div>\n\t\t","protected":false},"excerpt":{"rendered":"<p>CHRISTINE LEMAIRESculpteur Depuis des ann\u00e9es Christine Lemaire se confronte \u00e0 la duret\u00e9 du m\u00e9tal pour en extirper personnages, objets ou \u00ab\u00a0lieux\u00a0\u00bb \u2026 Un long travail d\u2019approche et de conqu\u00eate de la mati\u00e8re auquel s\u2019est ajout\u00e9 une minutieuse recherche d\u2019expressivit\u00e9 sobre. Seule ne semble plus la pr\u00e9occuper que la pr\u00e9sence dans l\u2019espace des ses oeuvres. Ses&hellip;&nbsp;<a href=\"https:\/\/bo-avallon.com\/index.php\/christine-lemaire\/\" rel=\"bookmark\">Lire la suite &raquo;<span class=\"screen-reader-text\">Christine Lemaire<\/span><\/a><\/p>\n","protected":false},"author":1,"featured_media":0,"parent":0,"menu_order":0,"comment_status":"closed","ping_status":"closed","template":"page-templates\/template-pagebuilder-full-width.php","meta":{"neve_meta_sidebar":"","neve_meta_container":"","neve_meta_enable_content_width":"","neve_meta_content_width":0,"neve_meta_title_alignment":"","neve_meta_author_avatar":"","neve_post_elements_order":"","neve_meta_disable_header":"","neve_meta_disable_footer":"","neve_meta_disable_title":"","footnotes":""},"class_list":["post-582","page","type-page","status-publish","hentry"],"yoast_head":"<!-- This site is optimized with the Yoast SEO plugin v24.1 - https:\/\/yoast.com\/wordpress\/plugins\/seo\/ -->\n<title>Christine Lemaire - B\u014c Boutique de cr\u00e9ateurs<\/title>\n<meta name=\"description\" content=\"Boutique de cr\u00e9ateurs d&#039;art \u00e0 Avallon. 8 artistes cr\u00e9ateurs vous proposent leurs cr\u00e9ations, bois, bijou, c\u00e9ramique, photographie, parfum, sculpture...\" \/>\n<meta name=\"robots\" content=\"index, follow, max-snippet:-1, max-image-preview:large, max-video-preview:-1\" \/>\n<link rel=\"canonical\" href=\"https:\/\/bo-avallon.com\/index.php\/christine-lemaire\/\" \/>\n<meta property=\"og:locale\" content=\"fr_FR\" \/>\n<meta property=\"og:type\" content=\"article\" \/>\n<meta property=\"og:title\" content=\"Christine Lemaire - B\u014c Boutique de cr\u00e9ateurs\" \/>\n<meta property=\"og:description\" content=\"Boutique de cr\u00e9ateurs d&#039;art \u00e0 Avallon. 8 artistes cr\u00e9ateurs vous proposent leurs cr\u00e9ations, bois, bijou, c\u00e9ramique, photographie, parfum, sculpture...\" \/>\n<meta property=\"og:url\" content=\"https:\/\/bo-avallon.com\/index.php\/christine-lemaire\/\" \/>\n<meta property=\"og:site_name\" content=\"B\u014c Boutique de cr\u00e9ateurs\" \/>\n<meta property=\"article:publisher\" content=\"https:\/\/www.facebook.com\/profile.php?id=100087374898835\" \/>\n<meta property=\"article:modified_time\" content=\"2025-09-27T10:06:07+00:00\" \/>\n<meta property=\"og:image\" content=\"https:\/\/bo-avallon.com\/wp-content\/uploads\/2023\/10\/portrait-christine-lemaire-01.png\" \/>\n\t<meta property=\"og:image:width\" content=\"667\" \/>\n\t<meta property=\"og:image:height\" content=\"1000\" \/>\n\t<meta property=\"og:image:type\" content=\"image\/png\" \/>\n<meta name=\"twitter:card\" content=\"summary_large_image\" \/>\n<meta name=\"twitter:label1\" content=\"Dur\u00e9e de lecture estim\u00e9e\" \/>\n\t<meta name=\"twitter:data1\" content=\"3 minutes\" \/>\n<script type=\"application\/ld+json\" class=\"yoast-schema-graph\">{\"@context\":\"https:\/\/schema.org\",\"@graph\":[{\"@type\":\"WebPage\",\"@id\":\"https:\/\/bo-avallon.com\/index.php\/christine-lemaire\/\",\"url\":\"https:\/\/bo-avallon.com\/index.php\/christine-lemaire\/\",\"name\":\"Christine Lemaire - B\u014c Boutique de cr\u00e9ateurs\",\"isPartOf\":{\"@id\":\"https:\/\/bo-avallon.com\/#website\"},\"primaryImageOfPage\":{\"@id\":\"https:\/\/bo-avallon.com\/index.php\/christine-lemaire\/#primaryimage\"},\"image\":{\"@id\":\"https:\/\/bo-avallon.com\/index.php\/christine-lemaire\/#primaryimage\"},\"thumbnailUrl\":\"https:\/\/bo-avallon.com\/wp-content\/uploads\/2023\/10\/portrait-christine-lemaire-01.png\",\"datePublished\":\"2023-10-18T13:41:39+00:00\",\"dateModified\":\"2025-09-27T10:06:07+00:00\",\"description\":\"Boutique de cr\u00e9ateurs d'art \u00e0 Avallon. 8 artistes cr\u00e9ateurs vous proposent leurs cr\u00e9ations, bois, bijou, c\u00e9ramique, photographie, parfum, sculpture...\",\"breadcrumb\":{\"@id\":\"https:\/\/bo-avallon.com\/index.php\/christine-lemaire\/#breadcrumb\"},\"inLanguage\":\"fr-FR\",\"potentialAction\":[{\"@type\":\"ReadAction\",\"target\":[\"https:\/\/bo-avallon.com\/index.php\/christine-lemaire\/\"]}]},{\"@type\":\"ImageObject\",\"inLanguage\":\"fr-FR\",\"@id\":\"https:\/\/bo-avallon.com\/index.php\/christine-lemaire\/#primaryimage\",\"url\":\"https:\/\/bo-avallon.com\/wp-content\/uploads\/2023\/10\/portrait-christine-lemaire-01.png\",\"contentUrl\":\"https:\/\/bo-avallon.com\/wp-content\/uploads\/2023\/10\/portrait-christine-lemaire-01.png\",\"width\":667,\"height\":1000,\"caption\":\"christine lemaire sculpteur\"},{\"@type\":\"BreadcrumbList\",\"@id\":\"https:\/\/bo-avallon.com\/index.php\/christine-lemaire\/#breadcrumb\",\"itemListElement\":[{\"@type\":\"ListItem\",\"position\":1,\"name\":\"Accueil\",\"item\":\"https:\/\/bo-avallon.com\/\"},{\"@type\":\"ListItem\",\"position\":2,\"name\":\"Christine Lemaire\"}]},{\"@type\":\"WebSite\",\"@id\":\"https:\/\/bo-avallon.com\/#website\",\"url\":\"https:\/\/bo-avallon.com\/\",\"name\":\"B\u014c Boutique de cr\u00e9ateurs\",\"description\":\"BOUTIQUE DE CR\u00c9ATEURS\",\"publisher\":{\"@id\":\"https:\/\/bo-avallon.com\/#organization\"},\"potentialAction\":[{\"@type\":\"SearchAction\",\"target\":{\"@type\":\"EntryPoint\",\"urlTemplate\":\"https:\/\/bo-avallon.com\/?s={search_term_string}\"},\"query-input\":{\"@type\":\"PropertyValueSpecification\",\"valueRequired\":true,\"valueName\":\"search_term_string\"}}],\"inLanguage\":\"fr-FR\"},{\"@type\":\"Organization\",\"@id\":\"https:\/\/bo-avallon.com\/#organization\",\"name\":\"B\u014c Boutique de cr\u00e9ateurs Avallon 89200\",\"url\":\"https:\/\/bo-avallon.com\/\",\"logo\":{\"@type\":\"ImageObject\",\"inLanguage\":\"fr-FR\",\"@id\":\"https:\/\/bo-avallon.com\/#\/schema\/logo\/image\/\",\"url\":\"http:\/\/bo-avallon.com\/wp-content\/uploads\/2023\/01\/Logo-bo-barre-recherche.png\",\"contentUrl\":\"http:\/\/bo-avallon.com\/wp-content\/uploads\/2023\/01\/Logo-bo-barre-recherche.png\",\"width\":500,\"height\":500,\"caption\":\"B\u014c Boutique de cr\u00e9ateurs Avallon 89200\"},\"image\":{\"@id\":\"https:\/\/bo-avallon.com\/#\/schema\/logo\/image\/\"},\"sameAs\":[\"https:\/\/www.facebook.com\/profile.php?id=100087374898835\",\"https:\/\/www.instagram.com\/boavallon\/?hl=fr\"]}]}<\/script>\n<!-- \/ Yoast SEO plugin. -->","yoast_head_json":{"title":"Christine Lemaire - B\u014c Boutique de cr\u00e9ateurs","description":"Boutique de cr\u00e9ateurs d'art \u00e0 Avallon. 8 artistes cr\u00e9ateurs vous proposent leurs cr\u00e9ations, bois, bijou, c\u00e9ramique, photographie, parfum, sculpture...","robots":{"index":"index","follow":"follow","max-snippet":"max-snippet:-1","max-image-preview":"max-image-preview:large","max-video-preview":"max-video-preview:-1"},"canonical":"https:\/\/bo-avallon.com\/index.php\/christine-lemaire\/","og_locale":"fr_FR","og_type":"article","og_title":"Christine Lemaire - B\u014c Boutique de cr\u00e9ateurs","og_description":"Boutique de cr\u00e9ateurs d'art \u00e0 Avallon. 8 artistes cr\u00e9ateurs vous proposent leurs cr\u00e9ations, bois, bijou, c\u00e9ramique, photographie, parfum, sculpture...","og_url":"https:\/\/bo-avallon.com\/index.php\/christine-lemaire\/","og_site_name":"B\u014c Boutique de cr\u00e9ateurs","article_publisher":"https:\/\/www.facebook.com\/profile.php?id=100087374898835","article_modified_time":"2025-09-27T10:06:07+00:00","og_image":[{"width":667,"height":1000,"url":"https:\/\/bo-avallon.com\/wp-content\/uploads\/2023\/10\/portrait-christine-lemaire-01.png","type":"image\/png"}],"twitter_card":"summary_large_image","twitter_misc":{"Dur\u00e9e de lecture estim\u00e9e":"3 minutes"},"schema":{"@context":"https:\/\/schema.org","@graph":[{"@type":"WebPage","@id":"https:\/\/bo-avallon.com\/index.php\/christine-lemaire\/","url":"https:\/\/bo-avallon.com\/index.php\/christine-lemaire\/","name":"Christine Lemaire - B\u014c Boutique de cr\u00e9ateurs","isPartOf":{"@id":"https:\/\/bo-avallon.com\/#website"},"primaryImageOfPage":{"@id":"https:\/\/bo-avallon.com\/index.php\/christine-lemaire\/#primaryimage"},"image":{"@id":"https:\/\/bo-avallon.com\/index.php\/christine-lemaire\/#primaryimage"},"thumbnailUrl":"https:\/\/bo-avallon.com\/wp-content\/uploads\/2023\/10\/portrait-christine-lemaire-01.png","datePublished":"2023-10-18T13:41:39+00:00","dateModified":"2025-09-27T10:06:07+00:00","description":"Boutique de cr\u00e9ateurs d'art \u00e0 Avallon. 8 artistes cr\u00e9ateurs vous proposent leurs cr\u00e9ations, bois, bijou, c\u00e9ramique, photographie, parfum, sculpture...","breadcrumb":{"@id":"https:\/\/bo-avallon.com\/index.php\/christine-lemaire\/#breadcrumb"},"inLanguage":"fr-FR","potentialAction":[{"@type":"ReadAction","target":["https:\/\/bo-avallon.com\/index.php\/christine-lemaire\/"]}]},{"@type":"ImageObject","inLanguage":"fr-FR","@id":"https:\/\/bo-avallon.com\/index.php\/christine-lemaire\/#primaryimage","url":"https:\/\/bo-avallon.com\/wp-content\/uploads\/2023\/10\/portrait-christine-lemaire-01.png","contentUrl":"https:\/\/bo-avallon.com\/wp-content\/uploads\/2023\/10\/portrait-christine-lemaire-01.png","width":667,"height":1000,"caption":"christine lemaire sculpteur"},{"@type":"BreadcrumbList","@id":"https:\/\/bo-avallon.com\/index.php\/christine-lemaire\/#breadcrumb","itemListElement":[{"@type":"ListItem","position":1,"name":"Accueil","item":"https:\/\/bo-avallon.com\/"},{"@type":"ListItem","position":2,"name":"Christine Lemaire"}]},{"@type":"WebSite","@id":"https:\/\/bo-avallon.com\/#website","url":"https:\/\/bo-avallon.com\/","name":"B\u014c Boutique de cr\u00e9ateurs","description":"BOUTIQUE DE CR\u00c9ATEURS","publisher":{"@id":"https:\/\/bo-avallon.com\/#organization"},"potentialAction":[{"@type":"SearchAction","target":{"@type":"EntryPoint","urlTemplate":"https:\/\/bo-avallon.com\/?s={search_term_string}"},"query-input":{"@type":"PropertyValueSpecification","valueRequired":true,"valueName":"search_term_string"}}],"inLanguage":"fr-FR"},{"@type":"Organization","@id":"https:\/\/bo-avallon.com\/#organization","name":"B\u014c Boutique de cr\u00e9ateurs Avallon 89200","url":"https:\/\/bo-avallon.com\/","logo":{"@type":"ImageObject","inLanguage":"fr-FR","@id":"https:\/\/bo-avallon.com\/#\/schema\/logo\/image\/","url":"http:\/\/bo-avallon.com\/wp-content\/uploads\/2023\/01\/Logo-bo-barre-recherche.png","contentUrl":"http:\/\/bo-avallon.com\/wp-content\/uploads\/2023\/01\/Logo-bo-barre-recherche.png","width":500,"height":500,"caption":"B\u014c Boutique de cr\u00e9ateurs Avallon 89200"},"image":{"@id":"https:\/\/bo-avallon.com\/#\/schema\/logo\/image\/"},"sameAs":["https:\/\/www.facebook.com\/profile.php?id=100087374898835","https:\/\/www.instagram.com\/boavallon\/?hl=fr"]}]}},"jetpack_sharing_enabled":true,"_links":{"self":[{"href":"https:\/\/bo-avallon.com\/index.php\/wp-json\/wp\/v2\/pages\/582","targetHints":{"allow":["GET"]}}],"collection":[{"href":"https:\/\/bo-avallon.com\/index.php\/wp-json\/wp\/v2\/pages"}],"about":[{"href":"https:\/\/bo-avallon.com\/index.php\/wp-json\/wp\/v2\/types\/page"}],"author":[{"embeddable":true,"href":"https:\/\/bo-avallon.com\/index.php\/wp-json\/wp\/v2\/users\/1"}],"replies":[{"embeddable":true,"href":"https:\/\/bo-avallon.com\/index.php\/wp-json\/wp\/v2\/comments?post=582"}],"version-history":[{"count":20,"href":"https:\/\/bo-avallon.com\/index.php\/wp-json\/wp\/v2\/pages\/582\/revisions"}],"predecessor-version":[{"id":4130,"href":"https:\/\/bo-avallon.com\/index.php\/wp-json\/wp\/v2\/pages\/582\/revisions\/4130"}],"wp:attachment":[{"href":"https:\/\/bo-avallon.com\/index.php\/wp-json\/wp\/v2\/media?parent=582"}],"curies":[{"name":"wp","href":"https:\/\/api.w.org\/{rel}","templated":true}]}}