{"id":578,"date":"2023-10-18T15:40:00","date_gmt":"2023-10-18T13:40:00","guid":{"rendered":"https:\/\/bo-avallon.com\/?page_id=578"},"modified":"2025-09-27T11:58:35","modified_gmt":"2025-09-27T09:58:35","slug":"emilie-dulieu","status":"publish","type":"page","link":"https:\/\/bo-avallon.com\/index.php\/emilie-dulieu\/","title":{"rendered":"\u00c9milie Dulieu"},"content":{"rendered":"\t\t<div data-elementor-type=\"wp-page\" data-elementor-id=\"578\" class=\"elementor elementor-578\">\n\t\t\t\t\t\t<section class=\"elementor-section elementor-top-section elementor-element elementor-element-759a76d elementor-section-boxed elementor-section-height-default elementor-section-height-default\" data-id=\"759a76d\" data-element_type=\"section\">\n\t\t\t\t\t\t<div class=\"elementor-container elementor-column-gap-default\">\n\t\t\t\t\t<div class=\"elementor-column elementor-col-100 elementor-top-column elementor-element elementor-element-453c048\" data-id=\"453c048\" data-element_type=\"column\">\n\t\t\t<div class=\"elementor-widget-wrap elementor-element-populated\">\n\t\t\t\t\t\t<div class=\"elementor-element elementor-element-1581ad6 elementor-widget elementor-widget-spacer\" data-id=\"1581ad6\" data-element_type=\"widget\" data-widget_type=\"spacer.default\">\n\t\t\t\t<div class=\"elementor-widget-container\">\n\t\t\t\t\t\t\t<div class=\"elementor-spacer\">\n\t\t\t<div class=\"elementor-spacer-inner\"><\/div>\n\t\t<\/div>\n\t\t\t\t\t\t<\/div>\n\t\t\t\t<\/div>\n\t\t\t\t\t<\/div>\n\t\t<\/div>\n\t\t\t\t\t<\/div>\n\t\t<\/section>\n\t\t\t\t<section class=\"elementor-section elementor-top-section elementor-element elementor-element-978bcc3 elementor-section-boxed elementor-section-height-default elementor-section-height-default\" data-id=\"978bcc3\" data-element_type=\"section\">\n\t\t\t\t\t\t<div class=\"elementor-container elementor-column-gap-default\">\n\t\t\t\t\t<div class=\"elementor-column elementor-col-50 elementor-top-column elementor-element elementor-element-9d3aaaa\" data-id=\"9d3aaaa\" data-element_type=\"column\">\n\t\t\t<div class=\"elementor-widget-wrap elementor-element-populated\">\n\t\t\t\t\t\t<div class=\"elementor-element elementor-element-858fe6a elementor-widget elementor-widget-text-editor\" data-id=\"858fe6a\" data-element_type=\"widget\" data-widget_type=\"text-editor.default\">\n\t\t\t\t<div class=\"elementor-widget-container\">\n\t\t\t\t\t\t\t\t\t<p style=\"text-align: left; padding-left: 40px;\"><strong>\u00c9MILIE DULIEU<\/strong><br \/>Poti\u00e8re C\u00e9ramiste<\/p>\t\t\t\t\t\t\t\t<\/div>\n\t\t\t\t<\/div>\n\t\t\t\t<div class=\"elementor-element elementor-element-330bca1 elementor-widget elementor-widget-text-editor\" data-id=\"330bca1\" data-element_type=\"widget\" data-widget_type=\"text-editor.default\">\n\t\t\t\t<div class=\"elementor-widget-container\">\n\t\t\t\t\t\t\t\t\t<p class=\"p1\">Au coeur du Morvan, <span class=\"s1\">\u00c9<\/span>milie Dulieu \u00e0 cr\u00e9\u00e9 son atelier de c\u00e9ramiste qu\u2019elle a baptis\u00e9 Liber\u2019Terres.<br \/>Son royaume ? Le gr\u00e8s. Sa signature ? Aucune pi\u00e8ce ne se ressemble.<br \/>Dans son atelier, <span class=\"s1\">\u00c9<\/span>milie magnifie le gr\u00e9s de Puisaye : le Nivernais de Saint-Amand qu\u2019elle va elle-m\u00eame chercher, et les icaunais de Treigny et Moutiers, ainsi q\u2019un m\u00e9lange de gr\u00e9s de Saint-Amand avec du gr\u00e9s blanc Colette. Elle affirme ainsi sa volont\u00e9 d\u2019utiliser des terres locales.<br \/>\u00ab\u00a0Je suis allergique aux s\u00e9ries identiques !\u00a0\u00bb, mart\u00e8le d\u2019entr\u00e9e <span class=\"s1\">\u00c9<\/span>milie Dulieu. Sa ligne directrice ? Des poteries uniques. \u00ab\u00a0C\u2019est la seule mani\u00e8re de montrer que l\u2019on peut emmener la terre o\u00f9 l\u2019on veut !\u00a0\u00bb.<br \/>De cette terre, la jeune poti\u00e8re en parle avec respect : \u00ab\u00a0Je ne travaille pas la terre, je travaille avec elle. C\u2019est une mati\u00e8re vivante. On peut la contraindre mais il faut aussi savoir l\u2019\u00e9couter !\u00a0\u00bb.<br \/>C\u00f4t\u00e9 format, la c\u00e9ramiste ne s\u2019interdit rien. Elle produit des pi\u00e8ces de toutes tailles, aux lignes douces et souvent volontairement asym\u00e9triques. Ce qui leur donne une belle identit\u00e9.<br \/>C\u00f4t\u00e9 style et d\u00e9cor, l\u00e0 encore, l\u2019originalit\u00e9 est la ligne forte. En t\u00e9moignent ses pots d\u00e9cor\u00e9s avec la technique de r\u00e9serves \u00e0 la cire d\u2019abeille, conjuguant surfaces \u00e9maill\u00e9es et brutes.<\/p>\t\t\t\t\t\t\t\t<\/div>\n\t\t\t\t<\/div>\n\t\t\t\t\t<\/div>\n\t\t<\/div>\n\t\t\t\t<div class=\"elementor-column elementor-col-50 elementor-top-column elementor-element elementor-element-f81b78f\" data-id=\"f81b78f\" data-element_type=\"column\">\n\t\t\t<div class=\"elementor-widget-wrap elementor-element-populated\">\n\t\t\t\t\t\t<div class=\"elementor-element elementor-element-0f0b71b elementor-widget elementor-widget-image\" data-id=\"0f0b71b\" data-element_type=\"widget\" data-widget_type=\"image.default\">\n\t\t\t\t<div class=\"elementor-widget-container\">\n\t\t\t\t\t\t\t\t\t\t\t\t\t\t\t<img fetchpriority=\"high\" decoding=\"async\" width=\"667\" height=\"1000\" src=\"https:\/\/bo-avallon.com\/wp-content\/uploads\/2023\/10\/portrait-emilie-dulieu-01.png\" class=\"attachment-full size-full wp-image-615\" alt=\"emilie dulieu potiere ceramiste\" srcset=\"https:\/\/bo-avallon.com\/wp-content\/uploads\/2023\/10\/portrait-emilie-dulieu-01.png 667w, https:\/\/bo-avallon.com\/wp-content\/uploads\/2023\/10\/portrait-emilie-dulieu-01-200x300.png 200w\" sizes=\"(max-width: 667px) 100vw, 667px\" \/>\t\t\t\t\t\t\t\t\t\t\t\t\t\t\t<\/div>\n\t\t\t\t<\/div>\n\t\t\t\t<div class=\"elementor-element elementor-element-9a7d84c elementor-widget elementor-widget-spacer\" data-id=\"9a7d84c\" data-element_type=\"widget\" data-widget_type=\"spacer.default\">\n\t\t\t\t<div class=\"elementor-widget-container\">\n\t\t\t\t\t\t\t<div class=\"elementor-spacer\">\n\t\t\t<div class=\"elementor-spacer-inner\"><\/div>\n\t\t<\/div>\n\t\t\t\t\t\t<\/div>\n\t\t\t\t<\/div>\n\t\t\t\t<div class=\"elementor-element elementor-element-ed1ab1d elementor-widget elementor-widget-text-editor\" data-id=\"ed1ab1d\" data-element_type=\"widget\" data-widget_type=\"text-editor.default\">\n\t\t\t\t<div class=\"elementor-widget-container\">\n\t\t\t\t\t\t\t\t\t<p style=\"text-align: center;\">\u00c9milie Dulieu &#8211; Poti\u00e8re C\u00e9ramiste<br \/>atelierliberterres@gmail.com<br \/>07 80 35 11 29<br \/>Insta : <a href=\"https:\/\/www.instagram.com\/liberterres\/?hl=fr\" target=\"_blank\" rel=\"noopener\">@liberterres<\/a><\/p><p>\u00a0<\/p>\t\t\t\t\t\t\t\t<\/div>\n\t\t\t\t<\/div>\n\t\t\t\t\t<\/div>\n\t\t<\/div>\n\t\t\t\t\t<\/div>\n\t\t<\/section>\n\t\t\t\t<section class=\"elementor-section elementor-top-section elementor-element elementor-element-09623c1 elementor-section-content-middle elementor-section-boxed elementor-section-height-default elementor-section-height-default\" data-id=\"09623c1\" data-element_type=\"section\" data-settings=\"{&quot;background_background&quot;:&quot;classic&quot;}\">\n\t\t\t\t\t\t<div class=\"elementor-container elementor-column-gap-default\">\n\t\t\t\t\t<div class=\"elementor-column elementor-col-20 elementor-top-column elementor-element elementor-element-eaea1f1\" data-id=\"eaea1f1\" data-element_type=\"column\">\n\t\t\t<div class=\"elementor-widget-wrap elementor-element-populated\">\n\t\t\t\t\t\t<div class=\"elementor-element elementor-element-a437d7a elementor-widget elementor-widget-image\" data-id=\"a437d7a\" data-element_type=\"widget\" data-widget_type=\"image.default\">\n\t\t\t\t<div class=\"elementor-widget-container\">\n\t\t\t\t\t\t\t\t\t\t\t\t\t\t\t<img decoding=\"async\" width=\"1000\" height=\"1000\" src=\"https:\/\/bo-avallon.com\/wp-content\/uploads\/2023\/10\/emilie-01.png\" class=\"attachment-full size-full wp-image-715\" alt=\"emilie dulieu potiere ceramiste\" srcset=\"https:\/\/bo-avallon.com\/wp-content\/uploads\/2023\/10\/emilie-01.png 1000w, https:\/\/bo-avallon.com\/wp-content\/uploads\/2023\/10\/emilie-01-300x300.png 300w, https:\/\/bo-avallon.com\/wp-content\/uploads\/2023\/10\/emilie-01-150x150.png 150w, https:\/\/bo-avallon.com\/wp-content\/uploads\/2023\/10\/emilie-01-768x768.png 768w\" sizes=\"(max-width: 1000px) 100vw, 1000px\" \/>\t\t\t\t\t\t\t\t\t\t\t\t\t\t\t<\/div>\n\t\t\t\t<\/div>\n\t\t\t\t\t<\/div>\n\t\t<\/div>\n\t\t\t\t<div class=\"elementor-column elementor-col-20 elementor-top-column elementor-element elementor-element-77d1f29\" data-id=\"77d1f29\" data-element_type=\"column\">\n\t\t\t<div class=\"elementor-widget-wrap elementor-element-populated\">\n\t\t\t\t\t\t<div class=\"elementor-element elementor-element-5c30669 elementor-widget elementor-widget-image\" data-id=\"5c30669\" data-element_type=\"widget\" data-widget_type=\"image.default\">\n\t\t\t\t<div class=\"elementor-widget-container\">\n\t\t\t\t\t\t\t\t\t\t\t\t\t\t\t<img decoding=\"async\" width=\"1000\" height=\"750\" src=\"https:\/\/bo-avallon.com\/wp-content\/uploads\/2023\/10\/emilie-07.png\" class=\"attachment-full size-full wp-image-719\" alt=\"emilie dulieu potiere ceramiste\" srcset=\"https:\/\/bo-avallon.com\/wp-content\/uploads\/2023\/10\/emilie-07.png 1000w, https:\/\/bo-avallon.com\/wp-content\/uploads\/2023\/10\/emilie-07-300x225.png 300w, https:\/\/bo-avallon.com\/wp-content\/uploads\/2023\/10\/emilie-07-768x576.png 768w\" sizes=\"(max-width: 1000px) 100vw, 1000px\" \/>\t\t\t\t\t\t\t\t\t\t\t\t\t\t\t<\/div>\n\t\t\t\t<\/div>\n\t\t\t\t\t<\/div>\n\t\t<\/div>\n\t\t\t\t<div class=\"elementor-column elementor-col-20 elementor-top-column elementor-element elementor-element-b9f7d4f\" data-id=\"b9f7d4f\" data-element_type=\"column\">\n\t\t\t<div class=\"elementor-widget-wrap elementor-element-populated\">\n\t\t\t\t\t\t<div class=\"elementor-element elementor-element-053fbad elementor-widget elementor-widget-image\" data-id=\"053fbad\" data-element_type=\"widget\" data-widget_type=\"image.default\">\n\t\t\t\t<div class=\"elementor-widget-container\">\n\t\t\t\t\t\t\t\t\t\t\t\t\t\t\t<img loading=\"lazy\" decoding=\"async\" width=\"1000\" height=\"1000\" src=\"https:\/\/bo-avallon.com\/wp-content\/uploads\/2023\/10\/emilie-03.png\" class=\"attachment-full size-full wp-image-717\" alt=\"emilie dulieu potiere ceramiste\" srcset=\"https:\/\/bo-avallon.com\/wp-content\/uploads\/2023\/10\/emilie-03.png 1000w, https:\/\/bo-avallon.com\/wp-content\/uploads\/2023\/10\/emilie-03-300x300.png 300w, https:\/\/bo-avallon.com\/wp-content\/uploads\/2023\/10\/emilie-03-150x150.png 150w, https:\/\/bo-avallon.com\/wp-content\/uploads\/2023\/10\/emilie-03-768x768.png 768w\" sizes=\"(max-width: 1000px) 100vw, 1000px\" \/>\t\t\t\t\t\t\t\t\t\t\t\t\t\t\t<\/div>\n\t\t\t\t<\/div>\n\t\t\t\t\t<\/div>\n\t\t<\/div>\n\t\t\t\t<div class=\"elementor-column elementor-col-20 elementor-top-column elementor-element elementor-element-7aa8ef8\" data-id=\"7aa8ef8\" data-element_type=\"column\">\n\t\t\t<div class=\"elementor-widget-wrap elementor-element-populated\">\n\t\t\t\t\t\t<div class=\"elementor-element elementor-element-f33f53e elementor-widget elementor-widget-image\" data-id=\"f33f53e\" data-element_type=\"widget\" data-widget_type=\"image.default\">\n\t\t\t\t<div class=\"elementor-widget-container\">\n\t\t\t\t\t\t\t\t\t\t\t\t\t\t\t<img loading=\"lazy\" decoding=\"async\" width=\"1000\" height=\"667\" src=\"https:\/\/bo-avallon.com\/wp-content\/uploads\/2023\/10\/emilie-divers-04.png\" class=\"attachment-full size-full wp-image-721\" alt=\"emilie dulieu potiere ceramiste\" srcset=\"https:\/\/bo-avallon.com\/wp-content\/uploads\/2023\/10\/emilie-divers-04.png 1000w, https:\/\/bo-avallon.com\/wp-content\/uploads\/2023\/10\/emilie-divers-04-300x200.png 300w, https:\/\/bo-avallon.com\/wp-content\/uploads\/2023\/10\/emilie-divers-04-768x512.png 768w, https:\/\/bo-avallon.com\/wp-content\/uploads\/2023\/10\/emilie-divers-04-930x620.png 930w\" sizes=\"(max-width: 1000px) 100vw, 1000px\" \/>\t\t\t\t\t\t\t\t\t\t\t\t\t\t\t<\/div>\n\t\t\t\t<\/div>\n\t\t\t\t\t<\/div>\n\t\t<\/div>\n\t\t\t\t<div class=\"elementor-column elementor-col-20 elementor-top-column elementor-element elementor-element-f6ad1d6\" data-id=\"f6ad1d6\" data-element_type=\"column\">\n\t\t\t<div class=\"elementor-widget-wrap elementor-element-populated\">\n\t\t\t\t\t\t<div class=\"elementor-element elementor-element-22c1c06 elementor-widget elementor-widget-image\" data-id=\"22c1c06\" data-element_type=\"widget\" data-widget_type=\"image.default\">\n\t\t\t\t<div class=\"elementor-widget-container\">\n\t\t\t\t\t\t\t\t\t\t\t\t\t\t\t<img loading=\"lazy\" decoding=\"async\" width=\"1000\" height=\"1000\" src=\"https:\/\/bo-avallon.com\/wp-content\/uploads\/2023\/10\/emilie-02.png\" class=\"attachment-full size-full wp-image-716\" alt=\"emilie dulieu potiere ceramiste\" srcset=\"https:\/\/bo-avallon.com\/wp-content\/uploads\/2023\/10\/emilie-02.png 1000w, https:\/\/bo-avallon.com\/wp-content\/uploads\/2023\/10\/emilie-02-300x300.png 300w, https:\/\/bo-avallon.com\/wp-content\/uploads\/2023\/10\/emilie-02-150x150.png 150w, https:\/\/bo-avallon.com\/wp-content\/uploads\/2023\/10\/emilie-02-768x768.png 768w\" sizes=\"(max-width: 1000px) 100vw, 1000px\" \/>\t\t\t\t\t\t\t\t\t\t\t\t\t\t\t<\/div>\n\t\t\t\t<\/div>\n\t\t\t\t\t<\/div>\n\t\t<\/div>\n\t\t\t\t\t<\/div>\n\t\t<\/section>\n\t\t\t\t<section class=\"elementor-section elementor-top-section elementor-element elementor-element-1ce057f elementor-section-boxed elementor-section-height-default elementor-section-height-default\" data-id=\"1ce057f\" data-element_type=\"section\">\n\t\t\t\t\t\t<div class=\"elementor-container elementor-column-gap-default\">\n\t\t\t\t\t<div class=\"elementor-column elementor-col-100 elementor-top-column elementor-element elementor-element-c9cb4a4\" data-id=\"c9cb4a4\" data-element_type=\"column\">\n\t\t\t<div class=\"elementor-widget-wrap elementor-element-populated\">\n\t\t\t\t\t\t<div class=\"elementor-element elementor-element-90dda2d elementor-widget elementor-widget-spacer\" data-id=\"90dda2d\" data-element_type=\"widget\" data-widget_type=\"spacer.default\">\n\t\t\t\t<div class=\"elementor-widget-container\">\n\t\t\t\t\t\t\t<div class=\"elementor-spacer\">\n\t\t\t<div class=\"elementor-spacer-inner\"><\/div>\n\t\t<\/div>\n\t\t\t\t\t\t<\/div>\n\t\t\t\t<\/div>\n\t\t\t\t\t<\/div>\n\t\t<\/div>\n\t\t\t\t\t<\/div>\n\t\t<\/section>\n\t\t\t\t<section class=\"elementor-section elementor-top-section elementor-element elementor-element-64a612b elementor-section-boxed elementor-section-height-default elementor-section-height-default\" data-id=\"64a612b\" data-element_type=\"section\" data-settings=\"{&quot;background_background&quot;:&quot;classic&quot;}\">\n\t\t\t\t\t\t<div class=\"elementor-container elementor-column-gap-default\">\n\t\t\t\t\t<div class=\"elementor-column elementor-col-100 elementor-top-column elementor-element elementor-element-8c95af1\" data-id=\"8c95af1\" data-element_type=\"column\">\n\t\t\t<div class=\"elementor-widget-wrap elementor-element-populated\">\n\t\t\t\t\t\t<div class=\"elementor-element elementor-element-37c4ffc elementor-widget elementor-widget-spacer\" data-id=\"37c4ffc\" data-element_type=\"widget\" data-widget_type=\"spacer.default\">\n\t\t\t\t<div class=\"elementor-widget-container\">\n\t\t\t\t\t\t\t<div class=\"elementor-spacer\">\n\t\t\t<div class=\"elementor-spacer-inner\"><\/div>\n\t\t<\/div>\n\t\t\t\t\t\t<\/div>\n\t\t\t\t<\/div>\n\t\t\t\t\t<\/div>\n\t\t<\/div>\n\t\t\t\t\t<\/div>\n\t\t<\/section>\n\t\t\t\t<\/div>\n\t\t","protected":false},"excerpt":{"rendered":"<p>\u00c9MILIE DULIEUPoti\u00e8re C\u00e9ramiste Au coeur du Morvan, \u00c9milie Dulieu \u00e0 cr\u00e9\u00e9 son atelier de c\u00e9ramiste qu\u2019elle a baptis\u00e9 Liber\u2019Terres.Son royaume ? Le gr\u00e8s. Sa signature ? Aucune pi\u00e8ce ne se ressemble.Dans son atelier, \u00c9milie magnifie le gr\u00e9s de Puisaye : le Nivernais de Saint-Amand qu\u2019elle va elle-m\u00eame chercher, et les icaunais de Treigny et Moutiers,&hellip;&nbsp;<a href=\"https:\/\/bo-avallon.com\/index.php\/emilie-dulieu\/\" rel=\"bookmark\">Lire la suite &raquo;<span class=\"screen-reader-text\">\u00c9milie Dulieu<\/span><\/a><\/p>\n","protected":false},"author":1,"featured_media":0,"parent":0,"menu_order":0,"comment_status":"closed","ping_status":"closed","template":"page-templates\/template-pagebuilder-full-width.php","meta":{"neve_meta_sidebar":"","neve_meta_container":"","neve_meta_enable_content_width":"","neve_meta_content_width":0,"neve_meta_title_alignment":"","neve_meta_author_avatar":"","neve_post_elements_order":"","neve_meta_disable_header":"","neve_meta_disable_footer":"","neve_meta_disable_title":"","footnotes":""},"class_list":["post-578","page","type-page","status-publish","hentry"],"yoast_head":"<!-- This site is optimized with the Yoast SEO plugin v24.1 - https:\/\/yoast.com\/wordpress\/plugins\/seo\/ -->\n<title>\u00c9milie Dulieu - B\u014c Boutique de cr\u00e9ateurs<\/title>\n<meta name=\"description\" content=\"Boutique de cr\u00e9ateurs d&#039;art \u00e0 Avallon. 8 artistes cr\u00e9ateurs vous proposent leurs cr\u00e9ations, bois, bijou, c\u00e9ramique, photographie, parfum, sculpture...\" \/>\n<meta name=\"robots\" content=\"index, follow, max-snippet:-1, max-image-preview:large, max-video-preview:-1\" \/>\n<link rel=\"canonical\" href=\"https:\/\/bo-avallon.com\/index.php\/emilie-dulieu\/\" \/>\n<meta property=\"og:locale\" content=\"fr_FR\" \/>\n<meta property=\"og:type\" content=\"article\" \/>\n<meta property=\"og:title\" content=\"\u00c9milie Dulieu - B\u014c Boutique de cr\u00e9ateurs\" \/>\n<meta property=\"og:description\" content=\"Boutique de cr\u00e9ateurs d&#039;art \u00e0 Avallon. 8 artistes cr\u00e9ateurs vous proposent leurs cr\u00e9ations, bois, bijou, c\u00e9ramique, photographie, parfum, sculpture...\" \/>\n<meta property=\"og:url\" content=\"https:\/\/bo-avallon.com\/index.php\/emilie-dulieu\/\" \/>\n<meta property=\"og:site_name\" content=\"B\u014c Boutique de cr\u00e9ateurs\" \/>\n<meta property=\"article:publisher\" content=\"https:\/\/www.facebook.com\/profile.php?id=100087374898835\" \/>\n<meta property=\"article:modified_time\" content=\"2025-09-27T09:58:35+00:00\" \/>\n<meta property=\"og:image\" content=\"https:\/\/bo-avallon.com\/wp-content\/uploads\/2023\/10\/portrait-emilie-dulieu-01.png\" \/>\n\t<meta property=\"og:image:width\" content=\"667\" \/>\n\t<meta property=\"og:image:height\" content=\"1000\" \/>\n\t<meta property=\"og:image:type\" content=\"image\/png\" \/>\n<meta name=\"twitter:card\" content=\"summary_large_image\" \/>\n<meta name=\"twitter:label1\" content=\"Dur\u00e9e de lecture estim\u00e9e\" \/>\n\t<meta name=\"twitter:data1\" content=\"3 minutes\" \/>\n<script type=\"application\/ld+json\" class=\"yoast-schema-graph\">{\"@context\":\"https:\/\/schema.org\",\"@graph\":[{\"@type\":\"WebPage\",\"@id\":\"https:\/\/bo-avallon.com\/index.php\/emilie-dulieu\/\",\"url\":\"https:\/\/bo-avallon.com\/index.php\/emilie-dulieu\/\",\"name\":\"\u00c9milie Dulieu - B\u014c Boutique de cr\u00e9ateurs\",\"isPartOf\":{\"@id\":\"https:\/\/bo-avallon.com\/#website\"},\"primaryImageOfPage\":{\"@id\":\"https:\/\/bo-avallon.com\/index.php\/emilie-dulieu\/#primaryimage\"},\"image\":{\"@id\":\"https:\/\/bo-avallon.com\/index.php\/emilie-dulieu\/#primaryimage\"},\"thumbnailUrl\":\"https:\/\/bo-avallon.com\/wp-content\/uploads\/2023\/10\/portrait-emilie-dulieu-01.png\",\"datePublished\":\"2023-10-18T13:40:00+00:00\",\"dateModified\":\"2025-09-27T09:58:35+00:00\",\"description\":\"Boutique de cr\u00e9ateurs d'art \u00e0 Avallon. 8 artistes cr\u00e9ateurs vous proposent leurs cr\u00e9ations, bois, bijou, c\u00e9ramique, photographie, parfum, sculpture...\",\"breadcrumb\":{\"@id\":\"https:\/\/bo-avallon.com\/index.php\/emilie-dulieu\/#breadcrumb\"},\"inLanguage\":\"fr-FR\",\"potentialAction\":[{\"@type\":\"ReadAction\",\"target\":[\"https:\/\/bo-avallon.com\/index.php\/emilie-dulieu\/\"]}]},{\"@type\":\"ImageObject\",\"inLanguage\":\"fr-FR\",\"@id\":\"https:\/\/bo-avallon.com\/index.php\/emilie-dulieu\/#primaryimage\",\"url\":\"https:\/\/bo-avallon.com\/wp-content\/uploads\/2023\/10\/portrait-emilie-dulieu-01.png\",\"contentUrl\":\"https:\/\/bo-avallon.com\/wp-content\/uploads\/2023\/10\/portrait-emilie-dulieu-01.png\",\"width\":667,\"height\":1000,\"caption\":\"emilie dulieu potiere ceramiste\"},{\"@type\":\"BreadcrumbList\",\"@id\":\"https:\/\/bo-avallon.com\/index.php\/emilie-dulieu\/#breadcrumb\",\"itemListElement\":[{\"@type\":\"ListItem\",\"position\":1,\"name\":\"Accueil\",\"item\":\"https:\/\/bo-avallon.com\/\"},{\"@type\":\"ListItem\",\"position\":2,\"name\":\"\u00c9milie Dulieu\"}]},{\"@type\":\"WebSite\",\"@id\":\"https:\/\/bo-avallon.com\/#website\",\"url\":\"https:\/\/bo-avallon.com\/\",\"name\":\"B\u014c Boutique de cr\u00e9ateurs\",\"description\":\"BOUTIQUE DE CR\u00c9ATEURS\",\"publisher\":{\"@id\":\"https:\/\/bo-avallon.com\/#organization\"},\"potentialAction\":[{\"@type\":\"SearchAction\",\"target\":{\"@type\":\"EntryPoint\",\"urlTemplate\":\"https:\/\/bo-avallon.com\/?s={search_term_string}\"},\"query-input\":{\"@type\":\"PropertyValueSpecification\",\"valueRequired\":true,\"valueName\":\"search_term_string\"}}],\"inLanguage\":\"fr-FR\"},{\"@type\":\"Organization\",\"@id\":\"https:\/\/bo-avallon.com\/#organization\",\"name\":\"B\u014c Boutique de cr\u00e9ateurs Avallon 89200\",\"url\":\"https:\/\/bo-avallon.com\/\",\"logo\":{\"@type\":\"ImageObject\",\"inLanguage\":\"fr-FR\",\"@id\":\"https:\/\/bo-avallon.com\/#\/schema\/logo\/image\/\",\"url\":\"http:\/\/bo-avallon.com\/wp-content\/uploads\/2023\/01\/Logo-bo-barre-recherche.png\",\"contentUrl\":\"http:\/\/bo-avallon.com\/wp-content\/uploads\/2023\/01\/Logo-bo-barre-recherche.png\",\"width\":500,\"height\":500,\"caption\":\"B\u014c Boutique de cr\u00e9ateurs Avallon 89200\"},\"image\":{\"@id\":\"https:\/\/bo-avallon.com\/#\/schema\/logo\/image\/\"},\"sameAs\":[\"https:\/\/www.facebook.com\/profile.php?id=100087374898835\",\"https:\/\/www.instagram.com\/boavallon\/?hl=fr\"]}]}<\/script>\n<!-- \/ Yoast SEO plugin. -->","yoast_head_json":{"title":"\u00c9milie Dulieu - B\u014c Boutique de cr\u00e9ateurs","description":"Boutique de cr\u00e9ateurs d'art \u00e0 Avallon. 8 artistes cr\u00e9ateurs vous proposent leurs cr\u00e9ations, bois, bijou, c\u00e9ramique, photographie, parfum, sculpture...","robots":{"index":"index","follow":"follow","max-snippet":"max-snippet:-1","max-image-preview":"max-image-preview:large","max-video-preview":"max-video-preview:-1"},"canonical":"https:\/\/bo-avallon.com\/index.php\/emilie-dulieu\/","og_locale":"fr_FR","og_type":"article","og_title":"\u00c9milie Dulieu - B\u014c Boutique de cr\u00e9ateurs","og_description":"Boutique de cr\u00e9ateurs d'art \u00e0 Avallon. 8 artistes cr\u00e9ateurs vous proposent leurs cr\u00e9ations, bois, bijou, c\u00e9ramique, photographie, parfum, sculpture...","og_url":"https:\/\/bo-avallon.com\/index.php\/emilie-dulieu\/","og_site_name":"B\u014c Boutique de cr\u00e9ateurs","article_publisher":"https:\/\/www.facebook.com\/profile.php?id=100087374898835","article_modified_time":"2025-09-27T09:58:35+00:00","og_image":[{"width":667,"height":1000,"url":"https:\/\/bo-avallon.com\/wp-content\/uploads\/2023\/10\/portrait-emilie-dulieu-01.png","type":"image\/png"}],"twitter_card":"summary_large_image","twitter_misc":{"Dur\u00e9e de lecture estim\u00e9e":"3 minutes"},"schema":{"@context":"https:\/\/schema.org","@graph":[{"@type":"WebPage","@id":"https:\/\/bo-avallon.com\/index.php\/emilie-dulieu\/","url":"https:\/\/bo-avallon.com\/index.php\/emilie-dulieu\/","name":"\u00c9milie Dulieu - B\u014c Boutique de cr\u00e9ateurs","isPartOf":{"@id":"https:\/\/bo-avallon.com\/#website"},"primaryImageOfPage":{"@id":"https:\/\/bo-avallon.com\/index.php\/emilie-dulieu\/#primaryimage"},"image":{"@id":"https:\/\/bo-avallon.com\/index.php\/emilie-dulieu\/#primaryimage"},"thumbnailUrl":"https:\/\/bo-avallon.com\/wp-content\/uploads\/2023\/10\/portrait-emilie-dulieu-01.png","datePublished":"2023-10-18T13:40:00+00:00","dateModified":"2025-09-27T09:58:35+00:00","description":"Boutique de cr\u00e9ateurs d'art \u00e0 Avallon. 8 artistes cr\u00e9ateurs vous proposent leurs cr\u00e9ations, bois, bijou, c\u00e9ramique, photographie, parfum, sculpture...","breadcrumb":{"@id":"https:\/\/bo-avallon.com\/index.php\/emilie-dulieu\/#breadcrumb"},"inLanguage":"fr-FR","potentialAction":[{"@type":"ReadAction","target":["https:\/\/bo-avallon.com\/index.php\/emilie-dulieu\/"]}]},{"@type":"ImageObject","inLanguage":"fr-FR","@id":"https:\/\/bo-avallon.com\/index.php\/emilie-dulieu\/#primaryimage","url":"https:\/\/bo-avallon.com\/wp-content\/uploads\/2023\/10\/portrait-emilie-dulieu-01.png","contentUrl":"https:\/\/bo-avallon.com\/wp-content\/uploads\/2023\/10\/portrait-emilie-dulieu-01.png","width":667,"height":1000,"caption":"emilie dulieu potiere ceramiste"},{"@type":"BreadcrumbList","@id":"https:\/\/bo-avallon.com\/index.php\/emilie-dulieu\/#breadcrumb","itemListElement":[{"@type":"ListItem","position":1,"name":"Accueil","item":"https:\/\/bo-avallon.com\/"},{"@type":"ListItem","position":2,"name":"\u00c9milie Dulieu"}]},{"@type":"WebSite","@id":"https:\/\/bo-avallon.com\/#website","url":"https:\/\/bo-avallon.com\/","name":"B\u014c Boutique de cr\u00e9ateurs","description":"BOUTIQUE DE CR\u00c9ATEURS","publisher":{"@id":"https:\/\/bo-avallon.com\/#organization"},"potentialAction":[{"@type":"SearchAction","target":{"@type":"EntryPoint","urlTemplate":"https:\/\/bo-avallon.com\/?s={search_term_string}"},"query-input":{"@type":"PropertyValueSpecification","valueRequired":true,"valueName":"search_term_string"}}],"inLanguage":"fr-FR"},{"@type":"Organization","@id":"https:\/\/bo-avallon.com\/#organization","name":"B\u014c Boutique de cr\u00e9ateurs Avallon 89200","url":"https:\/\/bo-avallon.com\/","logo":{"@type":"ImageObject","inLanguage":"fr-FR","@id":"https:\/\/bo-avallon.com\/#\/schema\/logo\/image\/","url":"http:\/\/bo-avallon.com\/wp-content\/uploads\/2023\/01\/Logo-bo-barre-recherche.png","contentUrl":"http:\/\/bo-avallon.com\/wp-content\/uploads\/2023\/01\/Logo-bo-barre-recherche.png","width":500,"height":500,"caption":"B\u014c Boutique de cr\u00e9ateurs Avallon 89200"},"image":{"@id":"https:\/\/bo-avallon.com\/#\/schema\/logo\/image\/"},"sameAs":["https:\/\/www.facebook.com\/profile.php?id=100087374898835","https:\/\/www.instagram.com\/boavallon\/?hl=fr"]}]}},"jetpack_sharing_enabled":true,"_links":{"self":[{"href":"https:\/\/bo-avallon.com\/index.php\/wp-json\/wp\/v2\/pages\/578","targetHints":{"allow":["GET"]}}],"collection":[{"href":"https:\/\/bo-avallon.com\/index.php\/wp-json\/wp\/v2\/pages"}],"about":[{"href":"https:\/\/bo-avallon.com\/index.php\/wp-json\/wp\/v2\/types\/page"}],"author":[{"embeddable":true,"href":"https:\/\/bo-avallon.com\/index.php\/wp-json\/wp\/v2\/users\/1"}],"replies":[{"embeddable":true,"href":"https:\/\/bo-avallon.com\/index.php\/wp-json\/wp\/v2\/comments?post=578"}],"version-history":[{"count":11,"href":"https:\/\/bo-avallon.com\/index.php\/wp-json\/wp\/v2\/pages\/578\/revisions"}],"predecessor-version":[{"id":4121,"href":"https:\/\/bo-avallon.com\/index.php\/wp-json\/wp\/v2\/pages\/578\/revisions\/4121"}],"wp:attachment":[{"href":"https:\/\/bo-avallon.com\/index.php\/wp-json\/wp\/v2\/media?parent=578"}],"curies":[{"name":"wp","href":"https:\/\/api.w.org\/{rel}","templated":true}]}}