{"id":26,"date":"2023-01-02T15:52:40","date_gmt":"2023-01-02T14:52:40","guid":{"rendered":"http:\/\/bo-avallon.com\/?page_id=26"},"modified":"2025-09-27T11:04:53","modified_gmt":"2025-09-27T09:04:53","slug":"contact","status":"publish","type":"page","link":"https:\/\/bo-avallon.com\/index.php\/contact\/","title":{"rendered":"Contacts"},"content":{"rendered":"<div class=\"wp-block-image\">\n<figure class=\"aligncenter size-large is-resized\"><img fetchpriority=\"high\" decoding=\"async\" width=\"1024\" height=\"1024\" src=\"https:\/\/bo-avallon.com\/wp-content\/uploads\/2025\/09\/BO-LOGO-RED-1024x1024.png\" alt=\"\" class=\"wp-image-4091\" style=\"width:519px;height:auto\" srcset=\"https:\/\/bo-avallon.com\/wp-content\/uploads\/2025\/09\/BO-LOGO-RED-1024x1024.png 1024w, https:\/\/bo-avallon.com\/wp-content\/uploads\/2025\/09\/BO-LOGO-RED-300x300.png 300w, https:\/\/bo-avallon.com\/wp-content\/uploads\/2025\/09\/BO-LOGO-RED-150x150.png 150w, https:\/\/bo-avallon.com\/wp-content\/uploads\/2025\/09\/BO-LOGO-RED-768x768.png 768w, https:\/\/bo-avallon.com\/wp-content\/uploads\/2025\/09\/BO-LOGO-RED-1536x1536.png 1536w, https:\/\/bo-avallon.com\/wp-content\/uploads\/2025\/09\/BO-LOGO-RED-2048x2048.png 2048w\" sizes=\"(max-width: 1024px) 100vw, 1024px\" \/><\/figure>\n<\/div>\n\n\n<p class=\"has-text-align-center has-neve-text-color-color has-text-color\">Boutique de cr\u00e9ateurs \u00e0 Avallon<br>46 Grande rue Aristide Briand, 89200 Avallon<br>T\u00e9l : 03 86 81 80 51<br>Mail : gie.bo.boutique(@)gmail.com<\/p>\n\n\n<div class=\"wp-block-jetpack-contact-form\"><a href=\"https:\/\/bo-avallon.com\/index.php\/contact\/\" target=\"_blank\" rel=\"noopener noreferrer\">Soumettre un formulaire.<\/a><\/div>\n\n\n<div style=\"height:100px\" aria-hidden=\"true\" class=\"wp-block-spacer\"><\/div>\n","protected":false},"excerpt":{"rendered":"<p>Boutique de cr\u00e9ateurs \u00e0 Avallon46 Grande rue Aristide Briand, 89200 AvallonT\u00e9l : 03 86 81 80 51Mail : gie.bo.boutique(@)gmail.com<\/p>\n","protected":false},"author":1,"featured_media":0,"parent":0,"menu_order":0,"comment_status":"closed","ping_status":"closed","template":"","meta":{"neve_meta_sidebar":"","neve_meta_container":"","neve_meta_enable_content_width":"on","neve_meta_content_width":100,"neve_meta_title_alignment":"","neve_meta_author_avatar":"","neve_post_elements_order":"","neve_meta_disable_header":"","neve_meta_disable_footer":"","neve_meta_disable_title":"on","footnotes":""},"class_list":["post-26","page","type-page","status-publish","hentry"],"yoast_head":"<!-- This site is optimized with the Yoast SEO plugin v24.1 - https:\/\/yoast.com\/wordpress\/plugins\/seo\/ -->\n<title>Contacts - B\u014c Boutique de cr\u00e9ateurs<\/title>\n<meta name=\"description\" content=\"Contacter la boutique de cr\u00e9ateurs d&#039;art \u00e0 Avallon. 8 artistes vous proposent leurs cr\u00e9ations, bois, bijou, c\u00e9ramique, photographie, parfum, sculpture...\" \/>\n<meta name=\"robots\" content=\"index, follow, max-snippet:-1, max-image-preview:large, max-video-preview:-1\" \/>\n<link rel=\"canonical\" href=\"https:\/\/bo-avallon.com\/index.php\/contact\/\" \/>\n<meta property=\"og:locale\" content=\"fr_FR\" \/>\n<meta property=\"og:type\" content=\"article\" \/>\n<meta property=\"og:title\" content=\"Contacts - B\u014c Boutique de cr\u00e9ateurs\" \/>\n<meta property=\"og:description\" content=\"Contacter la boutique de cr\u00e9ateurs d&#039;art \u00e0 Avallon. 8 artistes vous proposent leurs cr\u00e9ations, bois, bijou, c\u00e9ramique, photographie, parfum, sculpture...\" \/>\n<meta property=\"og:url\" content=\"https:\/\/bo-avallon.com\/index.php\/contact\/\" \/>\n<meta property=\"og:site_name\" content=\"B\u014c Boutique de cr\u00e9ateurs\" \/>\n<meta property=\"article:publisher\" content=\"https:\/\/www.facebook.com\/profile.php?id=100087374898835\" \/>\n<meta property=\"article:modified_time\" content=\"2025-09-27T09:04:53+00:00\" \/>\n<meta property=\"og:image\" content=\"https:\/\/bo-avallon.com\/wp-content\/uploads\/2025\/09\/BO-LOGO-RED-scaled.png\" \/>\n\t<meta property=\"og:image:width\" content=\"2560\" \/>\n\t<meta property=\"og:image:height\" content=\"2560\" \/>\n\t<meta property=\"og:image:type\" content=\"image\/png\" \/>\n<meta name=\"twitter:card\" content=\"summary_large_image\" \/>\n<meta name=\"twitter:label1\" content=\"Dur\u00e9e de lecture estim\u00e9e\" \/>\n\t<meta name=\"twitter:data1\" content=\"1 minute\" \/>\n<script type=\"application\/ld+json\" class=\"yoast-schema-graph\">{\"@context\":\"https:\/\/schema.org\",\"@graph\":[{\"@type\":\"WebPage\",\"@id\":\"https:\/\/bo-avallon.com\/index.php\/contact\/\",\"url\":\"https:\/\/bo-avallon.com\/index.php\/contact\/\",\"name\":\"Contacts - B\u014c Boutique de cr\u00e9ateurs\",\"isPartOf\":{\"@id\":\"https:\/\/bo-avallon.com\/#website\"},\"primaryImageOfPage\":{\"@id\":\"https:\/\/bo-avallon.com\/index.php\/contact\/#primaryimage\"},\"image\":{\"@id\":\"https:\/\/bo-avallon.com\/index.php\/contact\/#primaryimage\"},\"thumbnailUrl\":\"https:\/\/bo-avallon.com\/wp-content\/uploads\/2025\/09\/BO-LOGO-RED-1024x1024.png\",\"datePublished\":\"2023-01-02T14:52:40+00:00\",\"dateModified\":\"2025-09-27T09:04:53+00:00\",\"description\":\"Contacter la boutique de cr\u00e9ateurs d'art \u00e0 Avallon. 8 artistes vous proposent leurs cr\u00e9ations, bois, bijou, c\u00e9ramique, photographie, parfum, sculpture...\",\"breadcrumb\":{\"@id\":\"https:\/\/bo-avallon.com\/index.php\/contact\/#breadcrumb\"},\"inLanguage\":\"fr-FR\",\"potentialAction\":[{\"@type\":\"ReadAction\",\"target\":[\"https:\/\/bo-avallon.com\/index.php\/contact\/\"]}]},{\"@type\":\"ImageObject\",\"inLanguage\":\"fr-FR\",\"@id\":\"https:\/\/bo-avallon.com\/index.php\/contact\/#primaryimage\",\"url\":\"https:\/\/bo-avallon.com\/wp-content\/uploads\/2025\/09\/BO-LOGO-RED-scaled.png\",\"contentUrl\":\"https:\/\/bo-avallon.com\/wp-content\/uploads\/2025\/09\/BO-LOGO-RED-scaled.png\",\"width\":2560,\"height\":2560},{\"@type\":\"BreadcrumbList\",\"@id\":\"https:\/\/bo-avallon.com\/index.php\/contact\/#breadcrumb\",\"itemListElement\":[{\"@type\":\"ListItem\",\"position\":1,\"name\":\"Accueil\",\"item\":\"https:\/\/bo-avallon.com\/\"},{\"@type\":\"ListItem\",\"position\":2,\"name\":\"Contacts\"}]},{\"@type\":\"WebSite\",\"@id\":\"https:\/\/bo-avallon.com\/#website\",\"url\":\"https:\/\/bo-avallon.com\/\",\"name\":\"B\u014c Boutique de cr\u00e9ateurs\",\"description\":\"BOUTIQUE DE CR\u00c9ATEURS\",\"publisher\":{\"@id\":\"https:\/\/bo-avallon.com\/#organization\"},\"potentialAction\":[{\"@type\":\"SearchAction\",\"target\":{\"@type\":\"EntryPoint\",\"urlTemplate\":\"https:\/\/bo-avallon.com\/?s={search_term_string}\"},\"query-input\":{\"@type\":\"PropertyValueSpecification\",\"valueRequired\":true,\"valueName\":\"search_term_string\"}}],\"inLanguage\":\"fr-FR\"},{\"@type\":\"Organization\",\"@id\":\"https:\/\/bo-avallon.com\/#organization\",\"name\":\"B\u014c Boutique de cr\u00e9ateurs Avallon 89200\",\"url\":\"https:\/\/bo-avallon.com\/\",\"logo\":{\"@type\":\"ImageObject\",\"inLanguage\":\"fr-FR\",\"@id\":\"https:\/\/bo-avallon.com\/#\/schema\/logo\/image\/\",\"url\":\"http:\/\/bo-avallon.com\/wp-content\/uploads\/2023\/01\/Logo-bo-barre-recherche.png\",\"contentUrl\":\"http:\/\/bo-avallon.com\/wp-content\/uploads\/2023\/01\/Logo-bo-barre-recherche.png\",\"width\":500,\"height\":500,\"caption\":\"B\u014c Boutique de cr\u00e9ateurs Avallon 89200\"},\"image\":{\"@id\":\"https:\/\/bo-avallon.com\/#\/schema\/logo\/image\/\"},\"sameAs\":[\"https:\/\/www.facebook.com\/profile.php?id=100087374898835\",\"https:\/\/www.instagram.com\/boavallon\/?hl=fr\"]}]}<\/script>\n<!-- \/ Yoast SEO plugin. -->","yoast_head_json":{"title":"Contacts - B\u014c Boutique de cr\u00e9ateurs","description":"Contacter la boutique de cr\u00e9ateurs d'art \u00e0 Avallon. 8 artistes vous proposent leurs cr\u00e9ations, bois, bijou, c\u00e9ramique, photographie, parfum, sculpture...","robots":{"index":"index","follow":"follow","max-snippet":"max-snippet:-1","max-image-preview":"max-image-preview:large","max-video-preview":"max-video-preview:-1"},"canonical":"https:\/\/bo-avallon.com\/index.php\/contact\/","og_locale":"fr_FR","og_type":"article","og_title":"Contacts - B\u014c Boutique de cr\u00e9ateurs","og_description":"Contacter la boutique de cr\u00e9ateurs d'art \u00e0 Avallon. 8 artistes vous proposent leurs cr\u00e9ations, bois, bijou, c\u00e9ramique, photographie, parfum, sculpture...","og_url":"https:\/\/bo-avallon.com\/index.php\/contact\/","og_site_name":"B\u014c Boutique de cr\u00e9ateurs","article_publisher":"https:\/\/www.facebook.com\/profile.php?id=100087374898835","article_modified_time":"2025-09-27T09:04:53+00:00","og_image":[{"width":2560,"height":2560,"url":"https:\/\/bo-avallon.com\/wp-content\/uploads\/2025\/09\/BO-LOGO-RED-scaled.png","type":"image\/png"}],"twitter_card":"summary_large_image","twitter_misc":{"Dur\u00e9e de lecture estim\u00e9e":"1 minute"},"schema":{"@context":"https:\/\/schema.org","@graph":[{"@type":"WebPage","@id":"https:\/\/bo-avallon.com\/index.php\/contact\/","url":"https:\/\/bo-avallon.com\/index.php\/contact\/","name":"Contacts - B\u014c Boutique de cr\u00e9ateurs","isPartOf":{"@id":"https:\/\/bo-avallon.com\/#website"},"primaryImageOfPage":{"@id":"https:\/\/bo-avallon.com\/index.php\/contact\/#primaryimage"},"image":{"@id":"https:\/\/bo-avallon.com\/index.php\/contact\/#primaryimage"},"thumbnailUrl":"https:\/\/bo-avallon.com\/wp-content\/uploads\/2025\/09\/BO-LOGO-RED-1024x1024.png","datePublished":"2023-01-02T14:52:40+00:00","dateModified":"2025-09-27T09:04:53+00:00","description":"Contacter la boutique de cr\u00e9ateurs d'art \u00e0 Avallon. 8 artistes vous proposent leurs cr\u00e9ations, bois, bijou, c\u00e9ramique, photographie, parfum, sculpture...","breadcrumb":{"@id":"https:\/\/bo-avallon.com\/index.php\/contact\/#breadcrumb"},"inLanguage":"fr-FR","potentialAction":[{"@type":"ReadAction","target":["https:\/\/bo-avallon.com\/index.php\/contact\/"]}]},{"@type":"ImageObject","inLanguage":"fr-FR","@id":"https:\/\/bo-avallon.com\/index.php\/contact\/#primaryimage","url":"https:\/\/bo-avallon.com\/wp-content\/uploads\/2025\/09\/BO-LOGO-RED-scaled.png","contentUrl":"https:\/\/bo-avallon.com\/wp-content\/uploads\/2025\/09\/BO-LOGO-RED-scaled.png","width":2560,"height":2560},{"@type":"BreadcrumbList","@id":"https:\/\/bo-avallon.com\/index.php\/contact\/#breadcrumb","itemListElement":[{"@type":"ListItem","position":1,"name":"Accueil","item":"https:\/\/bo-avallon.com\/"},{"@type":"ListItem","position":2,"name":"Contacts"}]},{"@type":"WebSite","@id":"https:\/\/bo-avallon.com\/#website","url":"https:\/\/bo-avallon.com\/","name":"B\u014c Boutique de cr\u00e9ateurs","description":"BOUTIQUE DE CR\u00c9ATEURS","publisher":{"@id":"https:\/\/bo-avallon.com\/#organization"},"potentialAction":[{"@type":"SearchAction","target":{"@type":"EntryPoint","urlTemplate":"https:\/\/bo-avallon.com\/?s={search_term_string}"},"query-input":{"@type":"PropertyValueSpecification","valueRequired":true,"valueName":"search_term_string"}}],"inLanguage":"fr-FR"},{"@type":"Organization","@id":"https:\/\/bo-avallon.com\/#organization","name":"B\u014c Boutique de cr\u00e9ateurs Avallon 89200","url":"https:\/\/bo-avallon.com\/","logo":{"@type":"ImageObject","inLanguage":"fr-FR","@id":"https:\/\/bo-avallon.com\/#\/schema\/logo\/image\/","url":"http:\/\/bo-avallon.com\/wp-content\/uploads\/2023\/01\/Logo-bo-barre-recherche.png","contentUrl":"http:\/\/bo-avallon.com\/wp-content\/uploads\/2023\/01\/Logo-bo-barre-recherche.png","width":500,"height":500,"caption":"B\u014c Boutique de cr\u00e9ateurs Avallon 89200"},"image":{"@id":"https:\/\/bo-avallon.com\/#\/schema\/logo\/image\/"},"sameAs":["https:\/\/www.facebook.com\/profile.php?id=100087374898835","https:\/\/www.instagram.com\/boavallon\/?hl=fr"]}]}},"jetpack_sharing_enabled":true,"_links":{"self":[{"href":"https:\/\/bo-avallon.com\/index.php\/wp-json\/wp\/v2\/pages\/26","targetHints":{"allow":["GET"]}}],"collection":[{"href":"https:\/\/bo-avallon.com\/index.php\/wp-json\/wp\/v2\/pages"}],"about":[{"href":"https:\/\/bo-avallon.com\/index.php\/wp-json\/wp\/v2\/types\/page"}],"author":[{"embeddable":true,"href":"https:\/\/bo-avallon.com\/index.php\/wp-json\/wp\/v2\/users\/1"}],"replies":[{"embeddable":true,"href":"https:\/\/bo-avallon.com\/index.php\/wp-json\/wp\/v2\/comments?post=26"}],"version-history":[{"count":31,"href":"https:\/\/bo-avallon.com\/index.php\/wp-json\/wp\/v2\/pages\/26\/revisions"}],"predecessor-version":[{"id":4093,"href":"https:\/\/bo-avallon.com\/index.php\/wp-json\/wp\/v2\/pages\/26\/revisions\/4093"}],"wp:attachment":[{"href":"https:\/\/bo-avallon.com\/index.php\/wp-json\/wp\/v2\/media?parent=26"}],"curies":[{"name":"wp","href":"https:\/\/api.w.org\/{rel}","templated":true}]}}